{"id":573,"date":"2018-09-04T11:20:24","date_gmt":"2018-09-04T11:20:24","guid":{"rendered":"https:\/\/www.jenark.dk\/privatlivspolitik\/"},"modified":"2019-03-11T10:44:32","modified_gmt":"2019-03-11T10:44:32","slug":"privatlivspolitik","status":"publish","type":"page","link":"https:\/\/www.jenark.dk\/en\/privatlivspolitik\/","title":{"rendered":"Privatlivspolitik"},"content":{"rendered":"<h1>Betingelser<\/h1>\n<div class=\"wysiwyg\">\n<h4><\/h4>\n<h4><strong>Betaling<\/strong><\/h4>\n<p>Jenark A\/S modtager betaling med Dankort\/VISA-Dankort, VISA, VISA Electron og Mastercard. Betaling vil f\u00f8rst blive trukket p\u00e5 din konto, n\u00e5r varen afsendes.<\/p>\n<p>Jenark A\/S bruger en godkendt betalingsserver, der krypterer alle dine kortoplysninger med SSL (Secure Socket Layer) protokol. Det betyder, at man ikke kan afl\u00e6se dine informationer.<\/p>\n<h4><strong>Reklamationsret<\/strong><\/h4>\n<p>Der gives 1 \u00e5rs reklamationsret i henhold til k\u00f8beloven. Vores reklamationsret g\u00e6lder for fejl i materiale og\/eller fabrikation.<\/p>\n<p>Reklamationen g\u00e6lder ikke fejl eller skader beg\u00e5et ved forkert betjening af produktet.<\/p>\n<p>Jenark A\/S vil d\u00e6kke returneringsomkostninger i et rimeligt omfang.<\/p>\n<p>Ved returnering<br \/>\nRettes henvendelse til og reklamationer sendes til:<\/p>\n<p>Jenark A\/S<br \/>\nHelsing\u00f8r Erhvervspark<br \/>\nH P Christensensvej 1<br \/>\n3000 Helsing\u00f8r<\/p>\n<p>Der modtages ikke pakker sendt p\u00e5 efterkrav.<\/p>\n<h4><strong>Refusion<\/strong><\/h4>\n<p>Hvis der er aftalt refusion, s\u00e5 bedes I sende jeres bankoplysninger, s\u00e5 vi kan overf\u00f8re det aftalte bel\u00f8b.<\/p>\n<h4><strong>Fortrydelsesret<\/strong><\/h4>\n<p>Der gives 14 dages fuld returret p\u00e5 varer k\u00f8bt i vores Webshop.<br \/>\nPerioden regnes fra den dag, hvor du modtager ordren.<\/p>\n<p>Returneringsomkostninger skal du selv afholde.<\/p>\n<p>Fortrydelse skal anmeldes til os senest 14 efter k\u00f8bet og fra fortrydelsen skal I senest 14 dage efter returnere forsendelsen.<\/p>\n<p>Meddelelsen skal gives pr. mail p\u00e5 info@jenark.dk. I meddelelsen skal du g\u00f8re os tydeligt opm\u00e6rksom p\u00e5, at du \u00f8nsker at udnytte din fortrydelsesret.<\/p>\n<p><strong>Varens stand, n\u00e5r du sender den retur<\/strong><\/p>\n<p>For at modtage hele k\u00f8bsbel\u00f8bet retur m\u00e5 varen ikke have v\u00e6ret i brug, og emballagen skal v\u00e6re intakt.<\/p>\n<p><strong>Klagemuligheder \u2013 oversigt og links:<\/strong><br \/>\nHar du en klage over et produkt, k\u00f8bt i vores Webshop, kan der sendes en klage til:<\/p>\n<p>Konkurrence- og Forbrugerstyrelsens Center for Klagel\u00f8sning<br \/>\nCarl Jacobsens Vej 35<br \/>\n2500 Valby<br \/>\nLink: www.forbrug.dk<\/p>\n<p>Hvis du er forbruger med bop\u00e6l i et andet EU-land, kan du angive din klage i EU Kommissionens online klageplatform.<\/p>\n<p>Platformen findes her: http:\/\/ec.europa.eu\/consumers\/odr\/<br \/>\nAngiver du en klage her, skal du oplyse vores E-mail adresse: info@jenark.dk<\/p>\n<\/div>\n","protected":false},"excerpt":{"rendered":"<p>Betingelser Betaling Jenark A\/S modtager betaling med Dankort\/VISA-Dankort, VISA, VISA Electron og Mastercard. Betaling vil f\u00f8rst blive trukket p\u00e5 din konto, n\u00e5r varen afsendes. Jenark A\/S bruger en godkendt betalingsserver,&#8230;<\/p>\n","protected":false},"author":1,"featured_media":0,"parent":0,"menu_order":0,"comment_status":"closed","ping_status":"open","template":"","meta":{"_acf_changed":false,"rs_blank_template":"","rs_page_bg_color":"","slide_template_v7":"","footnotes":""},"class_list":["post-573","page","type-page","status-publish"],"acf":[],"_links":{"self":[{"href":"https:\/\/www.jenark.dk\/en\/wp-json\/wp\/v2\/pages\/573","targetHints":{"allow":["GET"]}}],"collection":[{"href":"https:\/\/www.jenark.dk\/en\/wp-json\/wp\/v2\/pages"}],"about":[{"href":"https:\/\/www.jenark.dk\/en\/wp-json\/wp\/v2\/types\/page"}],"author":[{"embeddable":true,"href":"https:\/\/www.jenark.dk\/en\/wp-json\/wp\/v2\/users\/1"}],"replies":[{"embeddable":true,"href":"https:\/\/www.jenark.dk\/en\/wp-json\/wp\/v2\/comments?post=573"}],"version-history":[{"count":0,"href":"https:\/\/www.jenark.dk\/en\/wp-json\/wp\/v2\/pages\/573\/revisions"}],"wp:attachment":[{"href":"https:\/\/www.jenark.dk\/en\/wp-json\/wp\/v2\/media?parent=573"}],"curies":[{"name":"wp","href":"https:\/\/api.w.org\/{rel}","templated":true}]}}