{"id":6258,"date":"2019-07-10T08:43:02","date_gmt":"2020-04-06T11:28:46","guid":{"rendered":"https:\/\/www.jenark.dk\/vare\/dosatron-dmix25-mixer\/"},"modified":"2024-03-06T09:39:51","modified_gmt":"2024-03-06T09:39:51","slug":"dosatron-d25wl2ievvfpo-polymer","status":"publish","type":"product","link":"https:\/\/www.jenark.dk\/sv\/produkt\/dosatron-d25wl2ievvfpo-polymer\/","title":{"rendered":"DOSATRON &#8211; DMIX25 dynamisk mixer"},"content":{"rendered":"<p>DOSATRON &#8211; D MIX 25 dynamisk mixer, utan el.<\/p>\n<p>Dynamisk mixer f\u00f6r att f\u00f6rb\u00e4ttra blandningen av ex-polymerer.<\/p>\n<p>Anv\u00e4nds ofta som blandare efter DOSATRONs polymer doseringspumpar som DOSATRON D25WL2IEVVFPO eller DOSATRON D25WL2IEVVFPPO.<\/p>\n<p>V\u00e4nligen kontakta v\u00e5r kundtj\u00e4nst f\u00f6r ytterligare fr\u00e5gor.<\/p>\n<p><a href=\"https:\/\/www.jenark.dk\/shop\/\">Se v\u00e5ra andra doseringspumpar fr\u00e5n DOSATRON h\u00e4r<\/a><\/p>\n<p>&nbsp;<\/p>\n<div class=\" \">\n<div class=\"container-max-width nopadding-top\">\n<div class=\"container\">\n<div class=\"html-content\">\n<div class=\"row\">\n<div class=\"col-sm-8 col-md-12 col-xs-12\">\n<h1 class=\"brandcolor\">Polymer Dosing Pump and Sludge Treatment<\/h1>\n<\/div>\n<\/div>\n<\/div>\n<\/div>\n<\/div>\n<\/div>\n<div class=\"\">\n<div class=\"container\">\n<div class=\"row\">\n<div class=\"col-md-12\">\n<h2>From wastewater to sludge<\/h2>\n<p>As wastewater enters a treatment plant, it is first subjected to rough filtering stages.<br \/>\nIt then flows into an aeration tank designed to degrade organic matter and nitrate phosphate ammonia content using microorganisms, forming what is known as sewage sludge.<br \/>\nThis particular process requires oxygen.<\/p>\n<p><img loading=\"lazy\" decoding=\"async\" src=\"https:\/\/www.dosatron.com\/content\/published\/api\/v1.1\/assets\/CONT51504D2EDF994BFEB85019F7316432F6\/native?cb=_cache_8f2&amp;channelToken=cf64422d54704d73968ba26c0eb469e9\" alt=\"Polymer dosing pump - Wastewater treatment plant - img1\" width=\"840\" height=\"560\" \/><\/p>\n<p>As wastewater keeps flowing into the treatment plant, more sludge will be produced requiring more and more oxygen thus more energy to produce the oxygen.<br \/>\nTo avoid sludge excess (and increased oxygen consumption), some of the sludge is regularly pumped out.<br \/>\nOnce extracted, this high-concentration sludge requires a specific process to separate the liquid phase from the solid phase.<\/p>\n<p><img loading=\"lazy\" decoding=\"async\" src=\"https:\/\/www.dosatron.com\/content\/published\/api\/v1.1\/assets\/CONT655C7FEF2A64412892454D955D97C783\/native?cb=_cache_8f2&amp;channelToken=cf64422d54704d73968ba26c0eb469e9\" alt=\"Polymer dosaing pump - separation of the liquid phase from the solid phase - img2\" width=\"840\" height=\"560\" \/><\/p>\n<\/div>\n<\/div>\n<\/div>\n<\/div>\n<div class=\"\">\n<div class=\"container\">\n<div class=\"row\">\n<div class=\"col-md-12\">\n<h2>How does sludge treatment work?<\/h2>\n<p>Sludge treatment is the process of treating and reusing the sludge produced by wastewater treatment plants. Sludge consists mainly of organic and inorganic matter, such as particles of decomposing organic matter, mineral salts, nutrients and micro-organisms. Here&#8217;s how sludge treatment generally works:<\/p>\n<p>Extraction of the sludge from the aeration tank or clarifier using specific pumps.<\/p>\n<p>1. Mixing of extracted sludge with a polymer solution injected using a metering pump.<\/p>\n<p>2. Mechanical separation of the liquid and solid phases of the sludge using various machines such as dewatering tables, screw presses, filter press, centrifuges, etc.<\/p>\n<p><img loading=\"lazy\" decoding=\"async\" src=\"https:\/\/www.dosatron.com\/content\/published\/api\/v1.1\/assets\/CONT922096D11C134A2B99B6CD7F2C40ACD6\/native?cb=_cache_8f2&amp;channelToken=cf64422d54704d73968ba26c0eb469e9\" alt=\"Polymer Dosing Pump pduct category page img3\" width=\"840\" height=\"560\" \/><\/p>\n<p>3. This separation can also be carried out without machines using drying beds or Geotubes.<\/p>\n<p>4. Sludge valorisation: Dewatered sludge can be valued in a number of ways, including composting, use as agricultural fertilizer, or landfill.<\/p>\n<p>Sludge treatment is important to avoid environmental pollution and to retrieve the nutrients and resources present in sludge. However, it is important to follow current environmental regulations and standards when processing sludge, to ensure environmental safety and quality.<\/p>\n<p><img loading=\"lazy\" decoding=\"async\" src=\"https:\/\/www.dosatron.com\/content\/published\/api\/v1.1\/assets\/CONT92E0D095ABDC4F0FB62917091BB48FD8\/native?cb=_cache_8f2&amp;channelToken=cf64422d54704d73968ba26c0eb469e9\" alt=\"Polymer Dosing Pump product category page img4\" width=\"840\" height=\"560\" \/><\/p>\n<\/div>\n<\/div>\n<\/div>\n<\/div>\n<div class=\"\">\n<div class=\"container\">\n<div class=\"row\">\n<div class=\"col-md-12\">\n<h2>Why inject polymer?<\/h2>\n<p>Polymer injection is a technique that can be used in sewage sludge treatment to separate solids from liquids. Polymer is a chemical substance that can be added to sludge to improve its flocculation capacity, its ability to form flakes.<br \/>\nPolymer dosing may require a maturation period, depending on the treatment system.<\/p>\n<p>Here&#8217;s how polymer injection can be used to separate liquid from solid in sewage sludge:<\/p>\n<p><strong>Polymer addition<\/strong>: Polymer is added to sludge as a concentrated solution, usually at a rate of a few milligrams per liter.<\/p>\n<p><strong>Flocculation<\/strong>: The polymer binds to particles suspended in the sludge, forming flakes that aggregate and settle to the bottom of the container.<\/p>\n<p><strong>Separation<\/strong>: The flocculated solids are separated from the liquids by decantation or filtration.<\/p>\n<p>Polymer injection is an effective technique for separating solids from liquids in sewage sludge, but it must be used with caution. It is important to follow the manufacturer&#8217;s instructions and respect the recommended doses to avoid altering the quality of the sludge and treated water.<\/p>\n<p>Polymers require the use of specific polymer dosing pumps as polymer is a very viscous fluid.<\/p>\n<h2>Dosatron polymer dosing pump solutions<\/h2>\n<p>The Dosatron D25WL polymer dosing pump range is the ideal solution for liquid polymer injection for small treatment plants (5000 eq hab) or mobile units.<\/p>\n<\/div>\n<\/div>\n<\/div>\n<\/div>\n<div class=\"\">\n<div class=\"container\">\n<div class=\"row\">\n<div class=\"col-md-12\">\n<p>&nbsp;<\/p>\n<\/div>\n<\/div>\n<\/div>\n<section class=\"container GD-ProductCategory\">\n<div class=\"ui doubling stackable three cards product-parts ng-scope\">\n<div class=\"ui raised card \">\n<div class=\"content ieFlex top-content\"><a class=\"js-relatedItem\" href=\"https:\/\/www.dosatron.com\/en-dk\/products\/chlorine-dosing-pumps\/d25wl\/d25wl2-ie-po\" target=\"_self\" rel=\"noopener\"><img loading=\"lazy\" decoding=\"async\" class=\"card__image\" src=\"https:\/\/www.dosatron.com\/content\/published\/api\/v1.1\/assets\/CONTAEC57F395237490EB5BFCB90332D4933\/native\/d25wl2-ie-po-4.png?channelToken=cf64422d54704d73968ba26c0eb469e9\" alt=\"Dosatron wastewater treatment pump - D25WL2IEPO model\" width=\"240\" height=\"240\" \/><\/a><\/p>\n<div class=\"card__content\">\n<h4 class=\"card__content__header--font-control\">D25WL2 IE PO<\/h4>\n<\/div>\n<\/div>\n<\/div>\n<div class=\"ui raised card \">\n<div class=\"content ieFlex top-content\"><a class=\"js-relatedItem\" href=\"https:\/\/www.dosatron.com\/en-dk\/products\/chlorine-dosing-pumps\/d25wl\/d25wl2-ie-po-mixer\" target=\"_self\" rel=\"noopener\"><img loading=\"lazy\" decoding=\"async\" class=\"card__image\" src=\"https:\/\/www.dosatron.com\/content\/published\/api\/v1.1\/assets\/CONT59949C41D83B4209A0F24DA5A1533259\/native\/d25wl2-ie-pomixer-pu1-3.png?channelToken=cf64422d54704d73968ba26c0eb469e9\" alt=\"Dosatron wastewater treatment pump - D25WL2IEPPO model\" width=\"240\" height=\"240\" \/><\/a><\/p>\n<div class=\"card__content\">\n<h4 class=\"card__content__header--font-control\">D25WL2 IE PO + MIXER<\/h4>\n<\/div>\n<\/div>\n<\/div>\n<div class=\"ui raised card \">\n<div class=\"content ieFlex top-content\"><a class=\"js-relatedItem\" href=\"https:\/\/www.dosatron.com\/en-dk\/products\/chlorine-dosing-pumps\/expert-dosing-pumps\/d25wl2-ie-po-pvdf\" target=\"_self\" rel=\"noopener\"><img loading=\"lazy\" decoding=\"async\" class=\"card__image\" src=\"https:\/\/www.dosatron.com\/content\/published\/api\/v1.1\/assets\/CONT21860456B7654FBCAD61E88A06041692\/native\/d25wl2iepopvdf-0-3.png?channelToken=cf64422d54704d73968ba26c0eb469e9\" alt=\"Dosatron expert wastewater treatment pump - D25WL2IEPPO PVDF model\" width=\"240\" height=\"240\" \/><\/a><\/p>\n<div class=\"card__content\">\n<h4 class=\"card__content__header--font-control\">D25WL2 IE PO PVDF<\/h4>\n<\/div>\n<\/div>\n<\/div>\n<\/div>\n<\/section>\n<\/div>\n<div class=\"\">\n<div class=\"container\">\n<div class=\"row\">\n<div class=\"col-md-12\">\n<p>D25WL2 units are easy to install and require no electrical power to operate. They are even compatible with outdoor installations. External injection for easy maintenance.<br \/>\nInstalled with its &#8221;Mixer&#8221;, the D25WL provides maximum homogenization of the water\/polymer mixture, optimizing separation of solid and liquid particles.<\/p>\n<p>Dosatron technology and its polymer dosing pump ensure homogeneous mixing of the polymer with the dilution water, and of the diluted polymer with the sludge.<br \/>\nDepending on the process, it can avoid using a specific polymer preparation system, thus saving money and space.<\/p>\n<p><img loading=\"lazy\" decoding=\"async\" src=\"https:\/\/www.dosatron.com\/content\/published\/api\/v1.1\/assets\/CONTAEEBEE54977242749CD7BDED38F43673\/native?cb=_cache_8f2&amp;channelToken=cf64422d54704d73968ba26c0eb469e9\" alt=\"Polymer Dosing pump product category page img4\" width=\"840\" height=\"546\" \/><\/p>\n<p>This range can be used to treat sewage sludge, but it is important to note that its use will depend on the nature of the sludge and the chemicals used, as well as the specifications and requirements of the treatment system. It is recommended that you refer to the instructions in the user manual and to current standards to ensure that this product is suitable for your application, and that its use is safe and complies with environmental regulations.<\/p>\n<\/div>\n<\/div>\n<\/div>\n<\/div>\n","protected":false},"excerpt":{"rendered":"<p>DOSATRON DMIX25 \/ D MIX 25<\/p>\n<p>Dynamisk mixer<\/p>\n<ul>\n<li>Tryck: 0,3-6 bar<\/li>\n<li>Vattenflow: 10 l\/t-2,5 m\u00b3\/h<\/li>\n<\/ul>\n<p><a href=\"https:\/\/www.jenark.dk\/jenark\/\">V\u00e4nligen kontakta v\u00e5r kundtj\u00e4nst f\u00f6r mer information.<\/a><\/p>\n","protected":false},"featured_media":9114,"template":"","meta":{"_acf_changed":false,"rs_blank_template":"","rs_page_bg_color":"","slide_template_v7":""},"product_brand":[],"product_cat":[45,43,75],"product_tag":[],"class_list":{"0":"post-6258","1":"product","2":"type-product","3":"status-publish","4":"has-post-thumbnail","6":"product_cat-alla-produkter","7":"product_cat-uncategorized-sv","8":"product_cat-vatten-och-miljo","10":"first","11":"instock","12":"taxable","13":"shipping-taxable","14":"purchasable","15":"product-type-simple"},"acf":[],"_links":{"self":[{"href":"https:\/\/www.jenark.dk\/sv\/wp-json\/wp\/v2\/product\/6258","targetHints":{"allow":["GET"]}}],"collection":[{"href":"https:\/\/www.jenark.dk\/sv\/wp-json\/wp\/v2\/product"}],"about":[{"href":"https:\/\/www.jenark.dk\/sv\/wp-json\/wp\/v2\/types\/product"}],"wp:featuredmedia":[{"embeddable":true,"href":"https:\/\/www.jenark.dk\/sv\/wp-json\/wp\/v2\/media\/9114"}],"wp:attachment":[{"href":"https:\/\/www.jenark.dk\/sv\/wp-json\/wp\/v2\/media?parent=6258"}],"wp:term":[{"taxonomy":"product_brand","embeddable":true,"href":"https:\/\/www.jenark.dk\/sv\/wp-json\/wp\/v2\/product_brand?post=6258"},{"taxonomy":"product_cat","embeddable":true,"href":"https:\/\/www.jenark.dk\/sv\/wp-json\/wp\/v2\/product_cat?post=6258"},{"taxonomy":"product_tag","embeddable":true,"href":"https:\/\/www.jenark.dk\/sv\/wp-json\/wp\/v2\/product_tag?post=6258"}],"curies":[{"name":"wp","href":"https:\/\/api.w.org\/{rel}","templated":true}]}}