{"id":6260,"date":"2019-06-27T11:55:22","date_gmt":"2020-04-06T11:35:27","guid":{"rendered":"https:\/\/www.jenark.dk\/vare\/dosatron-d3gl10\/"},"modified":"2024-03-06T11:48:41","modified_gmt":"2024-03-06T11:48:41","slug":"dosatron-d3gl10","status":"publish","type":"product","link":"https:\/\/www.jenark.dk\/sv\/produkt\/dosatron-d3gl10\/","title":{"rendered":"DOSATRON &#8211; D3GL10VF"},"content":{"rendered":"<p>DOSATRON &#8211; D3GL10 VF<\/p>\n<p>Doseringspump f\u00f6r korrekt dosering utan el. En doseringspump fr\u00e5n DOSATRON som tillh\u00f6r GreenLine-serien med gr\u00f6nt plastpumphus som \u00e4r extra UV-resistent och speciellt utvecklad f\u00f6r anv\u00e4ndning inom bevattningsteknik. Denna modell doserar s\u00e5 h\u00f6gt som 10% och anv\u00e4nds d\u00e4rf\u00f6r ofta d\u00e4r reng\u00f6ring kr\u00e4ver h\u00f6g dosering.<\/p>\n<p>Dosatron D3GL10 har vanliga VF-paket.<\/p>\n<p>Att v\u00e4lja DOSATRON modelltyp beror p\u00e5 vattenfl\u00f6de, dosering och produkt. V\u00e4nligen kontakta v\u00e5r kundtj\u00e4nst f\u00f6r ytterligare fr\u00e5gor.<\/p>\n<p><a href=\"https:\/\/www.jenark.dk\/shop\/\">Se v\u00e5ra andra doseringspumpar fr\u00e5n DOSATRON h\u00e4r<\/a><\/p>\n<h4><\/h4>\n<h4><strong>Underh\u00e5llssatser:<\/strong><\/h4>\n<p>Rep-kit f\u00f6r doseringsdel: PJDI122 VF<\/p>\n<p>Backventil \u00d816 : PJDI118 VF<\/p>\n<p>Rep-kit f\u00f6r motordel: EMDI006 VF<\/p>\n<p>&nbsp;<\/p>\n<div class=\" \">\n<div class=\"container-max-width nopadding-top\">\n<div class=\"container\">\n<div class=\"html-content\">\n<div class=\"row\">\n<div class=\"col-sm-8 col-md-12 col-xs-12\">\n<h1 class=\"brandcolor\">Low flow fertilizer injector \u2013 Dosatron D3GL<\/h1>\n<\/div>\n<\/div>\n<\/div>\n<\/div>\n<\/div>\n<\/div>\n<div class=\"\">\n<div class=\"container\">\n<div class=\"row\">\n<div class=\"col-md-12\">\n<p>The D3GL fertilizer injector is ideally fit for the use in garden centres and small green houses. Installed fix or on a mobile cart to move around in the facility.<\/p>\n<p>Spot fertilization in propagation areas with manual hose as well as mounted on an indoor spray boom.<\/p>\n<p>The D3GL fertilizer injector can even be used for growth control, phyto-sanitary plant treatments and pest control.<\/p>\n<h3 class=\"brandcolor\">Low flow fertilizer injector \u2013 Dosatron D3GL &#8211; Product performances<\/h3>\n<ul>\n<li>A simple and reliable and labor saving alternative to manual dosing<\/li>\n<li>Injection range: 0,03 &#8211; 25 % [1:3000 &#8211; 1:4]<\/li>\n<li>Water flow range: 10 l\/h &#8211; 3 m3\/h<\/li>\n<li>Operating water pressure: 0,3 \u2013 6 bar<\/li>\n<li>Concentrated additive injection: 0,003 l\/h \u2013 500 l\/h<\/li>\n<li>Stroke volume: ~ 0,53 l<\/li>\n<li>Connections: NPT-BSP \u00d8 20&#215;27 &#8211; 3\/4&#8243;M<\/li>\n<\/ul>\n<\/div>\n<\/div>\n<\/div>\n<\/div>\n","protected":false},"excerpt":{"rendered":"<p>DOSATRON D3GL10VF doserar proportionellt mot vattentryck och fl\u00f6de. Konstant och exakt dosering av m\u00e5nga typer av flytande till\u00e4gg.<\/p>\n<ul>\n<li>Dosering: 1-10%<\/li>\n<li>Tryck: 0,3-6 bar<\/li>\n<li>Vattenfl\u00f6de: 10 l\/t-3 m\u00b3\/h<\/li>\n<li>VF\/viton f\u00f6rpackningar<\/li>\n<\/ul>\n<p><a href=\"https:\/\/www.jenark.dk\/jenark\/\">Kontakta v\u00e5r kundtj\u00e4nst f\u00f6r mer information om modeller, alternativ och typ av f\u00f6rpackning.<\/a><\/p>\n","protected":false},"featured_media":225,"template":"","meta":{"_acf_changed":false,"rs_blank_template":"","rs_page_bg_color":"","slide_template_v7":""},"product_brand":[],"product_cat":[45,76,43],"product_tag":[105],"class_list":{"0":"post-6260","1":"product","2":"type-product","3":"status-publish","4":"has-post-thumbnail","6":"product_cat-alla-produkter","7":"product_cat-bevattningteknik","8":"product_cat-uncategorized-sv","9":"product_tag-dosering-1-10","11":"first","12":"instock","13":"taxable","14":"shipping-taxable","15":"purchasable","16":"product-type-simple"},"acf":[],"_links":{"self":[{"href":"https:\/\/www.jenark.dk\/sv\/wp-json\/wp\/v2\/product\/6260","targetHints":{"allow":["GET"]}}],"collection":[{"href":"https:\/\/www.jenark.dk\/sv\/wp-json\/wp\/v2\/product"}],"about":[{"href":"https:\/\/www.jenark.dk\/sv\/wp-json\/wp\/v2\/types\/product"}],"wp:featuredmedia":[{"embeddable":true,"href":"https:\/\/www.jenark.dk\/sv\/wp-json\/wp\/v2\/media\/225"}],"wp:attachment":[{"href":"https:\/\/www.jenark.dk\/sv\/wp-json\/wp\/v2\/media?parent=6260"}],"wp:term":[{"taxonomy":"product_brand","embeddable":true,"href":"https:\/\/www.jenark.dk\/sv\/wp-json\/wp\/v2\/product_brand?post=6260"},{"taxonomy":"product_cat","embeddable":true,"href":"https:\/\/www.jenark.dk\/sv\/wp-json\/wp\/v2\/product_cat?post=6260"},{"taxonomy":"product_tag","embeddable":true,"href":"https:\/\/www.jenark.dk\/sv\/wp-json\/wp\/v2\/product_tag?post=6260"}],"curies":[{"name":"wp","href":"https:\/\/api.w.org\/{rel}","templated":true}]}}