{"id":6267,"date":"2019-03-06T08:27:29","date_gmt":"2019-03-06T08:27:29","guid":{"rendered":"https:\/\/www.jenark.dk\/?post_type=product&#038;p=6267"},"modified":"2022-09-26T07:40:26","modified_gmt":"2022-09-26T07:40:26","slug":"dosatron-d3re25ie-vf-pvdf","status":"publish","type":"product","link":"https:\/\/www.jenark.dk\/sv\/produkt\/dosatron-d3re25ie-vf-pvdf\/","title":{"rendered":"DOSATRON &#8211; D3RE25IEVFP"},"content":{"rendered":"<p>DOSATRON &#8211; D3RE25IEVFP<\/p>\n<p>Doseringspump f\u00f6r korrekt dosering utan el. Denna doseringspump fr\u00e5n DOSATRON har m\u00e5nga applikationsm\u00f6jligheter, inklusive industri, betongbearbetning, hygien och reng\u00f6ring.<\/p>\n<p>D3RE25IEVFP har syrafast pumphus i PVDF-material.<\/p>\n<p>DOSATRON D3RE25IE VF PVDF kan \u00e4ven best\u00e4llas med AF-packningar f\u00f6r mer alkaliska produkter.<\/p>\n<p>Att v\u00e4lja DOSATRON modelltyp beror p\u00e5 vattenfl\u00f6de, dosering och produkt. V\u00e4nligen kontakta v\u00e5r kundtj\u00e4nst f\u00f6r ytterligare fr\u00e5gor.<\/p>\n<p><a href=\"https:\/\/www.jenark.dk\/produkter\/\">Se v\u00e5ra andra doseringspumpar fr\u00e5n DOSATRON h\u00e4r<\/a><\/p>\n<h4><strong>Underh\u00e5llssatser:<\/strong><\/h4>\n<p>Rep-kit f\u00f6r doseringsdel och extern del: PJDI199 VF<\/p>\n<p>Backventil \u00d816 : PJDI118 VF<\/p>\n<p>Rep-kit f\u00f6r motordel: EMDI006 VF<\/p>\n","protected":false},"excerpt":{"rendered":"<p>D3RE25IEVFP doserar proportionellt mot vattentryck och fl\u00f6de. Konstant och exakt dosering av m\u00e5nga typer av flytande till\u00e4gg.<\/p>\n<ul>\n<li>Dosering: 5-25%<\/li>\n<li>Tryck: 0,5-4 bar<\/li>\n<li>Vattenfl\u00f6de: 10 l\/t-2 m\u00b3\/h<\/li>\n<li>VF\/viton f\u00f6rpackningar<\/li>\n<li>Extern dosering (IE) d\u00e4r koncentrat doseras runt pumphuset<\/li>\n<li>Syrafast pumphus i PVDF<\/li>\n<\/ul>\n<p><a href=\"https:\/\/www.jenark.dk\/jenark\/\">Kontakta v\u00e5r kundtj\u00e4nst f\u00f6r mer information om modeller, alternativ och typ av f\u00f6rpackning.<\/a><\/p>\n","protected":false},"featured_media":9399,"template":"","meta":{"_acf_changed":false,"rs_blank_template":"","rs_page_bg_color":"","slide_template_v7":""},"product_brand":[],"product_cat":[45,43,67,65,72],"product_tag":[108],"class_list":{"0":"post-6267","1":"product","2":"type-product","3":"status-publish","4":"has-post-thumbnail","6":"product_cat-alla-produkter","7":"product_cat-uncategorized-sv","8":"product_cat-industri-sv","9":"product_cat-livsmedelshygien","10":"product_cat-transport-biltvatt-sv","11":"product_tag-dosering-5-25-sv","13":"first","14":"instock","15":"taxable","16":"shipping-taxable","17":"purchasable","18":"product-type-simple"},"acf":[],"_links":{"self":[{"href":"https:\/\/www.jenark.dk\/sv\/wp-json\/wp\/v2\/product\/6267","targetHints":{"allow":["GET"]}}],"collection":[{"href":"https:\/\/www.jenark.dk\/sv\/wp-json\/wp\/v2\/product"}],"about":[{"href":"https:\/\/www.jenark.dk\/sv\/wp-json\/wp\/v2\/types\/product"}],"wp:featuredmedia":[{"embeddable":true,"href":"https:\/\/www.jenark.dk\/sv\/wp-json\/wp\/v2\/media\/9399"}],"wp:attachment":[{"href":"https:\/\/www.jenark.dk\/sv\/wp-json\/wp\/v2\/media?parent=6267"}],"wp:term":[{"taxonomy":"product_brand","embeddable":true,"href":"https:\/\/www.jenark.dk\/sv\/wp-json\/wp\/v2\/product_brand?post=6267"},{"taxonomy":"product_cat","embeddable":true,"href":"https:\/\/www.jenark.dk\/sv\/wp-json\/wp\/v2\/product_cat?post=6267"},{"taxonomy":"product_tag","embeddable":true,"href":"https:\/\/www.jenark.dk\/sv\/wp-json\/wp\/v2\/product_tag?post=6267"}],"curies":[{"name":"wp","href":"https:\/\/api.w.org\/{rel}","templated":true}]}}