{"id":6273,"date":"2019-03-06T08:11:59","date_gmt":"2019-03-06T08:11:59","guid":{"rendered":"https:\/\/www.jenark.dk\/vare\/dosatron-d3re3000\/"},"modified":"2022-09-26T07:09:40","modified_gmt":"2022-09-26T07:09:40","slug":"dosatron-d3re3000","status":"publish","type":"product","link":"https:\/\/www.jenark.dk\/sv\/produkt\/dosatron-d3re3000\/","title":{"rendered":"DOSATRON &#8211; D3RE3000VF"},"content":{"rendered":"<p>Doseringspump f\u00f6r korrekt dosering utan el. En mindre doseringspump fr\u00e5n DOSATRON med m\u00e5nga anv\u00e4ndningsomr\u00e5den, fr\u00e4mst inom jordbruk, bevattningsteknik och reng\u00f6ring.<\/p>\n<p>Dosatron D3RE3000 finns med vanliga VF-f\u00f6rpackningar samt AF-paket som valts ut f\u00f6r de flesta alkaliska produkter.<\/p>\n<p>Att v\u00e4lja DOSATRON modelltyp beror p\u00e5 vattenfl\u00f6de, dosering och produkt. V\u00e4nligen kontakta v\u00e5r kundtj\u00e4nst f\u00f6r ytterligare fr\u00e5gor.<\/p>\n<p><a href=\"https:\/\/www.jenark.dk\/produkter\/\">Se v\u00e5ra andra doseringspumpar fr\u00e5n DOSATRON h\u00e4r<\/a><\/p>\n<h4><strong>Underh\u00e5llssatser:<\/strong><\/h4>\n<p>Rep-kit f\u00f6r doseringsdel: PJDI139 VF<\/p>\n<p>Backventil \u00d84 : PJDI140 VF<\/p>\n<p>Rep-kit f\u00f6r motordel: EMDI006 VF<\/p>\n","protected":false},"excerpt":{"rendered":"<p>DOSATRON D3RE3000VF doser proportionellt mot vattentryck och fl\u00f6de.<br \/>\nKonstant och exakt dosering av m\u00e5nga typer av flytande till\u00e4gg.<\/p>\n<ul>\n<li>Dosering: 0.03-0.3%<\/li>\n<li>Tryck: 0,3-6 bar<\/li>\n<li>Vattenfl\u00f6de: 10 l\/t-3 m\u00b3\/h<\/li>\n<li>VF\/viton f\u00f6rpackningar<\/li>\n<\/ul>\n<p>D3RE3000 finns \u00e4ven med standard AF-packningar f\u00f6r alkaliska produkter &#8217;D3RE3000AF&#8217;<\/p>\n<p><a href=\"https:\/\/www.jenark.dk\/jenark\/\">Kontakta v\u00e5r kundtj\u00e4nst f\u00f6r mer information om modeller, alternativ och typ av f\u00f6rpackning.<\/a><\/p>\n","protected":false},"featured_media":913,"template":"","meta":{"_acf_changed":false,"rs_blank_template":"","rs_page_bg_color":"","slide_template_v7":""},"product_brand":[],"product_cat":[45,76,43,67,65,72],"product_tag":[124],"class_list":{"0":"post-6273","1":"product","2":"type-product","3":"status-publish","4":"has-post-thumbnail","6":"product_cat-alla-produkter","7":"product_cat-bevattningteknik","8":"product_cat-uncategorized-sv","9":"product_cat-industri-sv","10":"product_cat-livsmedelshygien","11":"product_cat-transport-biltvatt-sv","12":"product_tag-dosering-0-03-0-3-sv","14":"first","15":"instock","16":"taxable","17":"shipping-taxable","18":"purchasable","19":"product-type-simple"},"acf":[],"_links":{"self":[{"href":"https:\/\/www.jenark.dk\/sv\/wp-json\/wp\/v2\/product\/6273","targetHints":{"allow":["GET"]}}],"collection":[{"href":"https:\/\/www.jenark.dk\/sv\/wp-json\/wp\/v2\/product"}],"about":[{"href":"https:\/\/www.jenark.dk\/sv\/wp-json\/wp\/v2\/types\/product"}],"wp:featuredmedia":[{"embeddable":true,"href":"https:\/\/www.jenark.dk\/sv\/wp-json\/wp\/v2\/media\/913"}],"wp:attachment":[{"href":"https:\/\/www.jenark.dk\/sv\/wp-json\/wp\/v2\/media?parent=6273"}],"wp:term":[{"taxonomy":"product_brand","embeddable":true,"href":"https:\/\/www.jenark.dk\/sv\/wp-json\/wp\/v2\/product_brand?post=6273"},{"taxonomy":"product_cat","embeddable":true,"href":"https:\/\/www.jenark.dk\/sv\/wp-json\/wp\/v2\/product_cat?post=6273"},{"taxonomy":"product_tag","embeddable":true,"href":"https:\/\/www.jenark.dk\/sv\/wp-json\/wp\/v2\/product_tag?post=6273"}],"curies":[{"name":"wp","href":"https:\/\/api.w.org\/{rel}","templated":true}]}}