{"id":6276,"date":"2019-03-06T08:07:15","date_gmt":"2020-04-06T11:47:34","guid":{"rendered":"https:\/\/www.jenark.dk\/vare\/dosatron-d3re5-pvdf\/"},"modified":"2022-09-26T07:12:06","modified_gmt":"2022-09-26T07:12:06","slug":"dosatron-d3re5-pvdf","status":"publish","type":"product","link":"https:\/\/www.jenark.dk\/sv\/produkt\/dosatron-d3re5-pvdf\/","title":{"rendered":"DOSATRON &#8211; D3RE5AFP"},"content":{"rendered":"<p>D3RE5AFP \u00e4r en doseringspump f\u00f6r exakt dosering utan el. En doseringspump fr\u00e5n DOSATRON med m\u00e5nga anv\u00e4ndningsm\u00f6jligheter, fr\u00e4mst inom industri och reng\u00f6ring.<\/p>\n<p>DOSATRON D3RE5AF PVDF har AF-packningar som \u00e4r utvalda f\u00f6r de flesta alkaliska produkter, men modellen finns \u00e4ven med vanliga VF-packningar. Syrafast pumphus i PVDF-material.<\/p>\n<p>Att v\u00e4lja DOSATRON modelltyp beror p\u00e5 vattenfl\u00f6de, dosering och produkt. V\u00e4nligen kontakta v\u00e5r kundtj\u00e4nst f\u00f6r ytterligare fr\u00e5gor.<\/p>\n<p><a href=\"https:\/\/www.jenark.dk\/produkter\/\">Se v\u00e5ra andra doseringspumpar fr\u00e5n DOSATRON h\u00e4r<\/a><\/p>\n<h4><strong>Underh\u00e5llssatser:<\/strong><\/h4>\n<p>Rep-kit f\u00f6r doseringsdel: PJDI120 AF<\/p>\n<p>Backventil \u00d812 : PJDI117 AF<\/p>\n<p>Rep-kit f\u00f6r motordelar: EMDI006 AF<\/p>\n","protected":false},"excerpt":{"rendered":"<p>DOSATRON D3RE5AFP doser proportionellt mot vattentryck och fl\u00f6de. Konstant och exakt dosering av m\u00e5nga typer av flytande till\u00e4gg.<\/p>\n<ul>\n<li>Dosering: 0.5-5%<\/li>\n<li>Tryck: 0,3-6 bar<\/li>\n<li>Vattenfl\u00f6de: 10 l\/t-3 m\u00b3\/h<\/li>\n<li>AF\/aflas packning<\/li>\n<li>Syrafast pumphus i PVDF<\/li>\n<\/ul>\n<p>D3RE5 PVDF finns \u00e4ven med standard VF-packningar &#8217;D3RE5VFP&#8217;<\/p>\n<p><a href=\"https:\/\/www.jenark.dk\/jenark\/\">Kontakta v\u00e5r kundtj\u00e4nst f\u00f6r mer information om modeller, alternativ och typ av f\u00f6rpackning.<\/a><\/p>\n","protected":false},"featured_media":891,"template":"","meta":{"_acf_changed":false,"rs_blank_template":"","rs_page_bg_color":"","slide_template_v7":""},"product_brand":[],"product_cat":[45,43,67,65,72],"product_tag":[104],"class_list":{"0":"post-6276","1":"product","2":"type-product","3":"status-publish","4":"has-post-thumbnail","6":"product_cat-alla-produkter","7":"product_cat-uncategorized-sv","8":"product_cat-industri-sv","9":"product_cat-livsmedelshygien","10":"product_cat-transport-biltvatt-sv","11":"product_tag-dosering-0-5-5-sv","13":"first","14":"instock","15":"taxable","16":"shipping-taxable","17":"purchasable","18":"product-type-simple"},"acf":[],"_links":{"self":[{"href":"https:\/\/www.jenark.dk\/sv\/wp-json\/wp\/v2\/product\/6276","targetHints":{"allow":["GET"]}}],"collection":[{"href":"https:\/\/www.jenark.dk\/sv\/wp-json\/wp\/v2\/product"}],"about":[{"href":"https:\/\/www.jenark.dk\/sv\/wp-json\/wp\/v2\/types\/product"}],"wp:featuredmedia":[{"embeddable":true,"href":"https:\/\/www.jenark.dk\/sv\/wp-json\/wp\/v2\/media\/891"}],"wp:attachment":[{"href":"https:\/\/www.jenark.dk\/sv\/wp-json\/wp\/v2\/media?parent=6276"}],"wp:term":[{"taxonomy":"product_brand","embeddable":true,"href":"https:\/\/www.jenark.dk\/sv\/wp-json\/wp\/v2\/product_brand?post=6276"},{"taxonomy":"product_cat","embeddable":true,"href":"https:\/\/www.jenark.dk\/sv\/wp-json\/wp\/v2\/product_cat?post=6276"},{"taxonomy":"product_tag","embeddable":true,"href":"https:\/\/www.jenark.dk\/sv\/wp-json\/wp\/v2\/product_tag?post=6276"}],"curies":[{"name":"wp","href":"https:\/\/api.w.org\/{rel}","templated":true}]}}