{"id":6282,"date":"2019-03-06T07:49:24","date_gmt":"2020-04-06T11:49:57","guid":{"rendered":"https:\/\/www.jenark.dk\/vare\/dosatron-d3re5\/"},"modified":"2022-09-26T07:12:32","modified_gmt":"2022-09-26T07:12:32","slug":"dosatron-d3re5","status":"publish","type":"product","link":"https:\/\/www.jenark.dk\/sv\/produkt\/dosatron-d3re5\/","title":{"rendered":"DOSATRON &#8211; D3RE5VF"},"content":{"rendered":"<p>Doseringspump f\u00f6r korrekt dosering utan el. En mindre doseringspump fr\u00e5n DOSATRON med m\u00e5nga anv\u00e4ndningsomr\u00e5den, fr\u00e4mst inom jordbruk, bevattningsteknik och reng\u00f6ring.<\/p>\n<p>DOSATRON D3RE5VF har standard VF-packningar men finns \u00e4ven med AF-packningar som \u00e4r utvalda f\u00f6r de flesta alkaliska produkter (D3RE5AF).<\/p>\n<p>Att v\u00e4lja DOSATRON modelltyp beror p\u00e5 vattenfl\u00f6de, dosering och produkt. V\u00e4nligen kontakta v\u00e5r kundtj\u00e4nst f\u00f6r ytterligare fr\u00e5gor.<\/p>\n<p><a href=\"https:\/\/www.jenark.dk\/produkter\/\">Se v\u00e5ra andra doseringspumpar fr\u00e5n DOSATRON h\u00e4r<\/a><\/p>\n<h4><strong>Underh\u00e5llssatser:<\/strong><\/h4>\n<p>Rep-kit f\u00f6r doseringsdel: PJDI120 VF<\/p>\n<p>Backventil \u00d812 : PJDI117 VF<\/p>\n<p>Rep-kit f\u00f6r motordel: EMDI006 VF<\/p>\n","protected":false},"excerpt":{"rendered":"<p>DOSATRON D3RE5VF doserar proportionellt med vattentryck och fl\u00f6de.<br \/>\nKonstant och exakt dosering av m\u00e5nga typer av flytande till\u00e4gg.<\/p>\n<ul>\n<li>Dosering: 0.5-5%<\/li>\n<li>Tryck: 0,3-6 bar<\/li>\n<li>Vattenfl\u00f6de: 10 l\/t-3 m\u00b3\/h<\/li>\n<li>VF\/viton f\u00f6rpackningar<\/li>\n<\/ul>\n<p>D3RE5 finns \u00e4ven med AF-f\u00f6rpackningar f\u00f6r alkaliska produkter &#8217;D3RE5AF&#8217;<\/p>\n<p><a href=\"https:\/\/www.jenark.dk\/jenark\/\">Kontakta v\u00e5r kundtj\u00e4nst f\u00f6r mer information om modeller, alternativ och typ av f\u00f6rpackning.<\/a><\/p>\n","protected":false},"featured_media":889,"template":"","meta":{"_acf_changed":false,"rs_blank_template":"","rs_page_bg_color":"","slide_template_v7":""},"product_brand":[],"product_cat":[45,76,43,67,44,65,68,72],"product_tag":[104],"class_list":{"0":"post-6282","1":"product","2":"type-product","3":"status-publish","4":"has-post-thumbnail","6":"product_cat-alla-produkter","7":"product_cat-bevattningteknik","8":"product_cat-uncategorized-sv","9":"product_cat-industri-sv","10":"product_cat-lantbruk","11":"product_cat-livsmedelshygien","12":"product_cat-metallbearbetning","13":"product_cat-transport-biltvatt-sv","14":"product_tag-dosering-0-5-5-sv","16":"first","17":"instock","18":"taxable","19":"shipping-taxable","20":"purchasable","21":"product-type-simple"},"acf":[],"_links":{"self":[{"href":"https:\/\/www.jenark.dk\/sv\/wp-json\/wp\/v2\/product\/6282","targetHints":{"allow":["GET"]}}],"collection":[{"href":"https:\/\/www.jenark.dk\/sv\/wp-json\/wp\/v2\/product"}],"about":[{"href":"https:\/\/www.jenark.dk\/sv\/wp-json\/wp\/v2\/types\/product"}],"wp:featuredmedia":[{"embeddable":true,"href":"https:\/\/www.jenark.dk\/sv\/wp-json\/wp\/v2\/media\/889"}],"wp:attachment":[{"href":"https:\/\/www.jenark.dk\/sv\/wp-json\/wp\/v2\/media?parent=6282"}],"wp:term":[{"taxonomy":"product_brand","embeddable":true,"href":"https:\/\/www.jenark.dk\/sv\/wp-json\/wp\/v2\/product_brand?post=6282"},{"taxonomy":"product_cat","embeddable":true,"href":"https:\/\/www.jenark.dk\/sv\/wp-json\/wp\/v2\/product_cat?post=6282"},{"taxonomy":"product_tag","embeddable":true,"href":"https:\/\/www.jenark.dk\/sv\/wp-json\/wp\/v2\/product_tag?post=6282"}],"curies":[{"name":"wp","href":"https:\/\/api.w.org\/{rel}","templated":true}]}}