{"id":6307,"date":"2018-12-03T12:55:00","date_gmt":"2020-04-06T12:06:01","guid":{"rendered":"https:\/\/www.jenark.dk\/vare\/dosatron-d8gl2\/"},"modified":"2025-03-21T13:39:04","modified_gmt":"2025-03-21T13:39:04","slug":"dosatron-d8gl2-vf","status":"publish","type":"product","link":"https:\/\/www.jenark.dk\/sv\/produkt\/dosatron-d8gl2-vf\/","title":{"rendered":"DOSATRON &#8211; D8GL2BPVF"},"content":{"rendered":"<p>DOSATRON &#8211; D8GL2 BP VF<\/p>\n<p>Doseringspump f\u00f6r korrekt dosering utan el.<\/p>\n<p>GreenLine-serien med gr\u00f6nt plastpumphus som \u00e4r extra UV-resistent speciellt utvecklat f\u00f6r anv\u00e4ndning i bevattningsteknik.<\/p>\n<p>Att v\u00e4lja DOSATRON modelltyp beror p\u00e5 vattenfl\u00f6de, dosering och produkt. V\u00e4nligen kontakta v\u00e5r kundtj\u00e4nst f\u00f6r ytterligare fr\u00e5gor.<\/p>\n<p><a href=\"https:\/\/www.jenark.dk\/shop\/\">Se v\u00e5ra andra doseringspumpar fr\u00e5n DOSATRON h\u00e4r<\/a><\/p>\n","protected":false},"excerpt":{"rendered":"<p>DOSATRON D8GL2 GreenLine doser proportionellt till vattentryck och fl\u00f6de. Konstant och exakt dosering av m\u00e5nga typer av flytande till\u00e4gg.<\/p>\n<ul>\n<li>Dosering: 0.2-2%<\/li>\n<li>Tryck: 0,15-8 bar<\/li>\n<li>Vattenfl\u00f6de: 500 l\/h-8 m\u00b3\/h<\/li>\n<li>Integrerad by-pass-funktion<\/li>\n<li>VF\/viton f\u00f6rpackningar<\/li>\n<\/ul>\n<p><a href=\"https:\/\/www.jenark.dk\/jenark\/\">Kontakta v\u00e5r kundtj\u00e4nst f\u00f6r mer information om modeller, alternativ och typ av f\u00f6rpackning.<\/a><\/p>\n","protected":false},"featured_media":917,"template":"","meta":{"_acf_changed":false,"rs_blank_template":"","rs_page_bg_color":"","slide_template_v7":""},"product_brand":[],"product_cat":[45,76,43,67],"product_tag":[],"class_list":{"0":"post-6307","1":"product","2":"type-product","3":"status-publish","4":"has-post-thumbnail","6":"product_cat-alla-produkter","7":"product_cat-bevattningteknik","8":"product_cat-uncategorized-sv","9":"product_cat-industri-sv","11":"first","12":"instock","13":"taxable","14":"shipping-taxable","15":"purchasable","16":"product-type-simple"},"acf":[],"_links":{"self":[{"href":"https:\/\/www.jenark.dk\/sv\/wp-json\/wp\/v2\/product\/6307","targetHints":{"allow":["GET"]}}],"collection":[{"href":"https:\/\/www.jenark.dk\/sv\/wp-json\/wp\/v2\/product"}],"about":[{"href":"https:\/\/www.jenark.dk\/sv\/wp-json\/wp\/v2\/types\/product"}],"wp:featuredmedia":[{"embeddable":true,"href":"https:\/\/www.jenark.dk\/sv\/wp-json\/wp\/v2\/media\/917"}],"wp:attachment":[{"href":"https:\/\/www.jenark.dk\/sv\/wp-json\/wp\/v2\/media?parent=6307"}],"wp:term":[{"taxonomy":"product_brand","embeddable":true,"href":"https:\/\/www.jenark.dk\/sv\/wp-json\/wp\/v2\/product_brand?post=6307"},{"taxonomy":"product_cat","embeddable":true,"href":"https:\/\/www.jenark.dk\/sv\/wp-json\/wp\/v2\/product_cat?post=6307"},{"taxonomy":"product_tag","embeddable":true,"href":"https:\/\/www.jenark.dk\/sv\/wp-json\/wp\/v2\/product_tag?post=6307"}],"curies":[{"name":"wp","href":"https:\/\/api.w.org\/{rel}","templated":true}]}}