{"id":6323,"date":"2018-09-18T13:28:10","date_gmt":"2020-04-06T12:18:18","guid":{"rendered":"https:\/\/www.jenark.dk\/vare\/dosatron-d3il2ex\/"},"modified":"2024-03-06T11:31:31","modified_gmt":"2024-03-06T11:31:31","slug":"dosatron-d3il2ex","status":"publish","type":"product","link":"https:\/\/www.jenark.dk\/sv\/produkt\/dosatron-d3il2ex\/","title":{"rendered":"DOSATRON &#8211; D3IL2EX"},"content":{"rendered":"<p>DOSATRON D3IL2EX, ATEX Industri<\/p>\n<p>Dosen \u00e4r proportionell mot vattentryck och fl\u00f6de. Konstant och korrekt dosering f\u00f6r anv\u00e4ndning i omr\u00e5den med explosionsrisk, inklusive inom industri och gruvdrift.<\/p>\n<p>Kontakta oss direkt f\u00f6r denna produktgrupp &#8211;<a href=\"https:\/\/www.jenark.dk\/jenark\/\"> h\u00e4r<\/a><\/p>\n<p>&nbsp;<\/p>\n<h2>What specific features ?<\/h2>\n<h3>Operating system<\/h3>\n<p>Installed on the water network, the DOSATRON uses water pressure as the only driving force. When activated, it sucks in the concentrated product, doses it to the desired percentage, then mixes it with the driving water. The solution is then sent downstream. The dose of product injected is always proportional to the volume of water flowing through the DOSATRON, regardless of variations in flow rate or system pressure.<\/p>\n<h3>Externally adjustable proportional dosing<\/h3>\n<p>The dosage is adjusted by matching the top of the adjustment ring to the desired scale on the scale. The amount of product injected is proportional to the amount of water entering the DOSATRON.<\/p>\n<h3>Features<\/h3>\n<p>This dispenser can be used in a surface industry (II) or mining industry (I), and installed in ATEX zones classified as zone 2 or 22, zone 1 or 21 or zone 0 or 20 (category 1 device). It is suitable for gas or dust (GD) atmospheres.<\/p>\n<p>The use of the D3 series dosers protects against the risks associated with all gases with a Minimum Inflammation Energy greater than 70 \u03bcJ (IIB), and at auto ignition temperature from 85\u00b0C (T6 T85). Its use also protects against risks related to dust of all sizes (IIIC).<\/p>\n","protected":false},"excerpt":{"rendered":"<p><iframe loading=\"lazy\" title=\"Dosatron metering pump | D3ILEX range presentation | Industry Line\" src=\"https:\/\/www.youtube.com\/embed\/99grbGpwQds\" width=\"405\" height=\"228\" frameborder=\"0\" allowfullscreen=\"allowfullscreen\"><span data-mce-type=\"bookmark\" style=\"display: inline-block; width: 0px; overflow: hidden; line-height: 0;\" class=\"mce_SELRES_start\">\ufeff<\/span><\/iframe><\/p>\n<p>DOSATRON D3IL2EX, ATEX Industri<\/p>\n<p>Konstant och noggrann dosering f\u00f6r anv\u00e4ndning i explosionsomr\u00e5den.<\/p>\n<ul>\n<li>Dosering: 0.2-2%<\/li>\n<li>Tryck: 0,3-6 bar<\/li>\n<li>Vattenfl\u00f6de: 10 l\/t-3 m\u00b3\/h<\/li>\n<li>AF\/aflas- eller VF\/viton-f\u00f6rpackningar<\/li>\n<\/ul>\n<p>Kontakta oss direkt f\u00f6r mer information om denna produktgrupp &#8211;<a href=\"https:\/\/www.jenark.dk\/jenark\/\"> h\u00e4r<\/a><\/p>\n","protected":false},"featured_media":212,"template":"","meta":{"_acf_changed":false,"rs_blank_template":"","rs_page_bg_color":"","slide_template_v7":""},"product_brand":[],"product_cat":[45,62,43,67],"product_tag":[],"class_list":{"0":"post-6323","1":"product","2":"type-product","3":"status-publish","4":"has-post-thumbnail","6":"product_cat-alla-produkter","7":"product_cat-atex-sv","8":"product_cat-uncategorized-sv","9":"product_cat-industri-sv","11":"first","12":"instock","13":"taxable","14":"shipping-taxable","15":"product-type-simple"},"acf":[],"_links":{"self":[{"href":"https:\/\/www.jenark.dk\/sv\/wp-json\/wp\/v2\/product\/6323","targetHints":{"allow":["GET"]}}],"collection":[{"href":"https:\/\/www.jenark.dk\/sv\/wp-json\/wp\/v2\/product"}],"about":[{"href":"https:\/\/www.jenark.dk\/sv\/wp-json\/wp\/v2\/types\/product"}],"wp:featuredmedia":[{"embeddable":true,"href":"https:\/\/www.jenark.dk\/sv\/wp-json\/wp\/v2\/media\/212"}],"wp:attachment":[{"href":"https:\/\/www.jenark.dk\/sv\/wp-json\/wp\/v2\/media?parent=6323"}],"wp:term":[{"taxonomy":"product_brand","embeddable":true,"href":"https:\/\/www.jenark.dk\/sv\/wp-json\/wp\/v2\/product_brand?post=6323"},{"taxonomy":"product_cat","embeddable":true,"href":"https:\/\/www.jenark.dk\/sv\/wp-json\/wp\/v2\/product_cat?post=6323"},{"taxonomy":"product_tag","embeddable":true,"href":"https:\/\/www.jenark.dk\/sv\/wp-json\/wp\/v2\/product_tag?post=6323"}],"curies":[{"name":"wp","href":"https:\/\/api.w.org\/{rel}","templated":true}]}}