{"id":867,"date":"2018-11-16T21:33:23","date_gmt":"2018-11-16T21:33:23","guid":{"rendered":"https:\/\/www.jenark.dk\/vare\/d25re5ie-pvdf\/"},"modified":"2024-03-06T12:27:10","modified_gmt":"2024-03-06T12:27:10","slug":"d25re5ie-pvdf","status":"publish","type":"product","link":"https:\/\/www.jenark.dk\/sv\/produkt\/d25re5ie-pvdf\/","title":{"rendered":"DOSATRON &#8211; D25RE5IEVFP"},"content":{"rendered":"<p>DOSATRON &#8211; D25RE5IEVFP<\/p>\n<p>Doseringspump f\u00f6r korrekt dosering utan el. En mindre doseringspump fr\u00e5n DOSATRON med m\u00e5nga anv\u00e4ndningsomr\u00e5den, bland annat inom jordbruk, st\u00e4dning och industri.<\/p>\n<p>Denna modell har extern dosering d\u00e4r koncentratet transporteras runt pumphuset och d\u00e4rmed inte kommer i kontakt med pumphuset. Pumphus i syrefast PVDF material.<\/p>\n<p>DOSATRON D25RE5 IE PVDF finns med standard VF-packningar samt AF-packningar som \u00e4r utvalda f\u00f6r de flesta alkaliska produkter.<\/p>\n<p>Att v\u00e4lja DOSATRON modelltyp beror p\u00e5 vattenfl\u00f6de, dosering och produkt. V\u00e4nligen kontakta v\u00e5r kundtj\u00e4nst f\u00f6r ytterligare fr\u00e5gor.<\/p>\n<p><a href=\"https:\/\/www.jenark.dk\/shop\/\">Se v\u00e5ra andra doseringspumpar fr\u00e5n DOSATRON h\u00e4r<\/a><\/p>\n<h4><strong>Underh\u00e5llssatser:<\/strong><\/h4>\n<p>Rep-kit f\u00f6r dosering del och extern del: PJ159 VF<\/p>\n<p>Backventil \u00d812 : PJDI006 VF<\/p>\n<p>Repsats f\u00f6r motordel: EM004 VF<\/p>\n<h2>What specific features ?<\/h2>\n<h3>Operating system<\/h3>\n<p>Installed on the water network, the DOSATRON uses water pressure as the only driving force. When activated, it sucks in the concentrated product, doses it to the desired percentage, then mixes it with the driving water. The solution is then sent downstream. The dose of product injected is always proportional to the volume of water flowing through the DOSATRON, regardless of variations in flow rate or system pressure.<\/p>\n<h3>Externally adjustable proportional dosing<\/h3>\n<p>The dosage is adjusted by matching the top of the adjustment ring to the desired scale on the scale. The amount of product injected is proportional to the amount of water entering the DOSATRON.<\/p>\n","protected":false},"excerpt":{"rendered":"<p><iframe loading=\"lazy\" title=\"Piston Pump, a Dosatron technology explained (D25)\" src=\"https:\/\/www.youtube.com\/embed\/plaFfB9JMF0\" width=\"1020\" height=\"574\" frameborder=\"0\" allowfullscreen=\"allowfullscreen\"><\/iframe><\/p>\n<p>DOSATRON D25RE5IE PVDF doserar proportionellt med vattentryck och fl\u00f6de. Konstant och exakt dosering av m\u00e5nga typer av flytande till\u00e4gg. Syrafast pumphus i PVDF-material.<\/p>\n<ul>\n<li>Dosering: 1-5%<\/li>\n<li>Tryck: 0,3-6 bar<\/li>\n<li>Vattenflow: 10 l\/t-2,5 m\u00b3\/h<\/li>\n<li>VF\/viton f\u00f6rpackningar<\/li>\n<li>Extern dosering (IE) d\u00e4r koncentrat doseras runt pumphuset<\/li>\n<\/ul>\n<p>D25RE5IE PVDF finns ocks\u00e5 med standard AF-packningar f\u00f6r alkaliska produkter &#8217;D25RE5IEAFP&#8217;<\/p>\n<p><a href=\"https:\/\/www.jenark.dk\/jenark\/\">Kontakta v\u00e5r kundtj\u00e4nst f\u00f6r mer information om modeller, alternativ och typ av f\u00f6rpackning.<\/a><\/p>\n","protected":false},"featured_media":802,"template":"","meta":{"_acf_changed":false,"rs_blank_template":"","rs_page_bg_color":"","slide_template_v7":""},"product_brand":[],"product_cat":[45,43,67,65],"product_tag":[104],"class_list":{"0":"post-867","1":"product","2":"type-product","3":"status-publish","4":"has-post-thumbnail","6":"product_cat-alla-produkter","7":"product_cat-uncategorized-sv","8":"product_cat-industri-sv","9":"product_cat-livsmedelshygien","10":"product_tag-dosering-0-5-5-sv","12":"first","13":"instock","14":"taxable","15":"shipping-taxable","16":"purchasable","17":"product-type-simple"},"acf":[],"_links":{"self":[{"href":"https:\/\/www.jenark.dk\/sv\/wp-json\/wp\/v2\/product\/867","targetHints":{"allow":["GET"]}}],"collection":[{"href":"https:\/\/www.jenark.dk\/sv\/wp-json\/wp\/v2\/product"}],"about":[{"href":"https:\/\/www.jenark.dk\/sv\/wp-json\/wp\/v2\/types\/product"}],"wp:featuredmedia":[{"embeddable":true,"href":"https:\/\/www.jenark.dk\/sv\/wp-json\/wp\/v2\/media\/802"}],"wp:attachment":[{"href":"https:\/\/www.jenark.dk\/sv\/wp-json\/wp\/v2\/media?parent=867"}],"wp:term":[{"taxonomy":"product_brand","embeddable":true,"href":"https:\/\/www.jenark.dk\/sv\/wp-json\/wp\/v2\/product_brand?post=867"},{"taxonomy":"product_cat","embeddable":true,"href":"https:\/\/www.jenark.dk\/sv\/wp-json\/wp\/v2\/product_cat?post=867"},{"taxonomy":"product_tag","embeddable":true,"href":"https:\/\/www.jenark.dk\/sv\/wp-json\/wp\/v2\/product_tag?post=867"}],"curies":[{"name":"wp","href":"https:\/\/api.w.org\/{rel}","templated":true}]}}