{"id":9213,"date":"2022-08-31T08:05:56","date_gmt":"2022-08-31T08:05:56","guid":{"rendered":"https:\/\/www.jenark.dk\/?post_type=product&#038;p=9213"},"modified":"2024-03-06T11:57:13","modified_gmt":"2024-03-06T11:57:13","slug":"dosatron-d30gl02vf","status":"publish","type":"product","link":"https:\/\/www.jenark.dk\/sv\/produkt\/dosatron-d30gl02vf\/","title":{"rendered":"DOSATRON &#8211; D30GL02VF"},"content":{"rendered":"<p>DOSATRON presenterar D30 Green Line &#8217;D30GL02VF&#8217; med fl\u00f6de upp till 30 m\u00b3\/h. Doseringspump f\u00f6r st\u00f6rre omr\u00e5den och v\u00e4xter med t.ex. droppbevattning.<\/p>\n<p>G\u00f6dselmedel eller produkter, flytande eller l\u00f6sliga, konventionella eller organiska material doseras fr\u00e5n 0,02- 0,2%.<\/p>\n<div class=\" \">\n<div class=\"container-max-width nopadding-top\">\n<div class=\"container\">\n<div class=\"html-content\">\n<div class=\"row\">\n<div class=\"col-sm-8 col-md-12 col-xs-12\">\n<h1 class=\"brandcolor\">Fertilizer dosing pumps &#8211; Water flow up to 30m<sup>3<\/sup>\/h<\/h1>\n<\/div>\n<\/div>\n<\/div>\n<\/div>\n<\/div>\n<\/div>\n<div class=\"\">\n<div class=\"container\">\n<div class=\"row\">\n<div class=\"col-md-12\">\n<h3>What specific features for these dosing pumps ?<\/h3>\n<h5>The high flow solution for irrigation<\/h5>\n<p>The D30GL fertilizer dosing pump range meets the needs of high flow treatment from 8 to 30 m<sup>3<\/sup>\/h (maximum flow).<br \/>\nIt can be used in irrigation for the following applications :Fertigation, plant protection treatments, network maintenance, acidification, direct injection and seed drills.<\/p>\n<p>These irrigation injection pumps are characterized by:<\/p>\n<ul>\n<li>Unique and patented intelligent flow division technology.<\/li>\n<li>Chemical resistant.<\/li>\n<li>Proportional dosing and without electricity.<\/li>\n<li>Dependent on water flow.<\/li>\n<li>Integrated homogenization.<\/li>\n<\/ul>\n<p>&nbsp;<\/p>\n<\/div>\n<\/div>\n<\/div>\n<\/div>\n<div class=\"GDHTMLMultipleLayout\">\n<div class=\"container\">\n<div class=\"row tier\">\n<div class=\"col-md-4 col-sm-4 col-xs-12\"><img decoding=\"async\" class=\"img-responsive cx__sez_img_dim_360\" src=\"https:\/\/www.dosatron.com\/content\/published\/api\/v1.1\/assets\/CONT20EEB1607E0849C9A58B7ECBED05AA38\/native\/d30gl.jpg?channelToken=cf64422d54704d73968ba26c0eb469e9\" alt=\"Dosatron range - D30GL operating principle\" \/><\/p>\n<div class=\"caption\"><\/div>\n<\/div>\n<div class=\"col-md-8 col-sm-8 col-xs-12\">\n<div class=\"title\">\n<h3 class=\"story brandcolor\">How does our D30GL fertilizer dosing pumps work?<\/h3>\n<p>&nbsp;<\/p>\n<p>Set up on the water network of your irrigation system the metering pump uses water pressure as the only driving force.<\/p>\n<p>When activated, it sucks in the concentrated product, doses it to the desired percentage, then mixes it with the driving water. The solution is then sent downstream. The dose of fertilizer injected is always proportional to the volume of water flowing through the metering pump, regardless of variations in flow rate or system pressure.<br \/>\n<a href=\"https:\/\/www.dosatron.com\/en-dk\/technology\" target=\"_self\" rel=\"noopener\">Read more about the piston pump technology<\/a><\/p>\n<p>The dosage is adjusted by matching the top of the adjustment ring to the desired scale on the scale. The amount of product injected is proportional to the amount of water entering the dosing pump.<\/p>\n<p>&nbsp;<\/p>\n<\/div>\n<\/div>\n<\/div>\n<\/div>\n<\/div>\n<div class=\"GDHTMLMultipleLayout\">\n<div class=\"container\">\n<div class=\"row tier\">\n<div class=\"col-md-8 col-sm-8 col-xs-12\">\n<div class=\"title\">\n<h3 class=\"story brandcolor\">What environmental progress on our fertigation dosing pumps?<\/h3>\n<p>&nbsp;<\/p>\n<p>Since 2012, Dosatron has been implementing a genuine eco-design process as an extension of its ISO 14001 certification.<\/p>\n<p>It is through this desire to offer a product leading to environmental improvement that the range of fertigation dosing pumps also benefits from this eco-design approach.<\/p>\n<p>&nbsp;<\/p>\n<\/div>\n<\/div>\n<div class=\"col-md-4 col-sm-4 col-xs-12\"><img decoding=\"async\" class=\"img-responsive cx__sez_img_dim_360\" src=\"https:\/\/www.dosatron.com\/content\/published\/api\/v1.1\/assets\/CONTDA780A64EAC74E6CB4DFDEC846452BC3\/native\/fertigation-dosing-pump-ecodesigned.png?channelToken=cf64422d54704d73968ba26c0eb469e9\" alt=\"Dosatron ecodesigned dosing pumps logo\" \/><\/p>\n<div class=\"caption\"><\/div>\n<\/div>\n<\/div>\n<\/div>\n<\/div>\n<div class=\"GDHTMLMultipleLayout\">\n<div class=\"container\">\n<div class=\"row\">\n<div class=\"col-md-12\">\n<h3 class=\"brandcolor\">What is the best way to install my D30GL fertilizer dosing pump?<\/h3>\n<p>&nbsp;<\/p>\n<p>The dosing pump is delivered with a suction tube (cut it to the needed length) enabling its use with a large capacity concentrate container. The tube must be fitted with its strainer and weights.<br \/>\nThe maximum suction height is 4 meters (13 vertical feet).<br \/>\nFit the tube, equipped with its strainer and its weight, and immerse it in the concentrate solution to be injected.<\/p>\n<p>To prolong the working life of your D30GL dosing pump it is advisable to install a filter (ex.: 200-120 mesh &#8211; 80-130 microns depending on your water quality) upstream.<br \/>\nThis is imperative if the water contains impurities or particles, especially if the water comes from a well.<\/p>\n<p>&nbsp;<\/p>\n<\/div>\n<\/div>\n<picture class=\"margin-bottom\"><img decoding=\"async\" class=\"lazyload img-responsive cx__sez_img_dim_360 center-aligned\" src=\"https:\/\/www.dosatron.com\/content\/published\/api\/v1.1\/assets\/CONT6C6A4ED80F6446C0B697A3156B65F249\/native\/install-d30gl.png?channelToken=cf64422d54704d73968ba26c0eb469e9\" alt=\"Dosatron range - D30GL installation tip\" data-was-processed=\"\" \/><\/picture><\/div>\n<\/div>\n<div class=\"\">\n<div class=\"container\">\n<div class=\"row\">\n<div class=\"col-md-12\">\n<h3 class=\"brandcolor\"><\/h3>\n<p>&nbsp;<\/p>\n<\/div>\n<\/div>\n<\/div>\n<section class=\"container GD-ProductCategory\">\n<div class=\"row\">\n<div class=\"col-md-12\">\n<h2 class=\"brandcolor title\">Fertilizer dosing pumps &#8211; Water flow up to 30m3\/h<\/h2>\n<\/div>\n<\/div>\n<\/section>\n<\/div>\n","protected":false},"excerpt":{"rendered":"<p>DOSATRON D30 GREEN LINE \u0301D30GL02VF \u0301 &#8211; Mer tillf\u00f6rlitlig dosering!<\/p>\n<p>Denna enhet klarar ett vattenfl\u00f6de p\u00e5 upp till 30 m\u00b3\/h.<\/p>\n<p>DOSATRON D30 Green Line \u00e4r marknadens nyaste doseringsenhet f\u00f6r droppbevattning av st\u00f6rre omr\u00e5den. Doseringsenheten arbetar i bevattningssystem med ett fl\u00f6de fr\u00e5n 8 m\u00b3\/h upp till 30 m3\/h.<\/p>\n<ul>\n<li>Dosering: 0,02-0,2%<\/li>\n<li>Tryck: 0,5-8 bar<\/li>\n<li>Vattenfl\u00f6de: 8 m\u00b3\/h &#8211; 30 m\u00b3\/h<\/li>\n<li>VF\/viton<\/li>\n<\/ul>\n","protected":false},"featured_media":933,"template":"","meta":{"_acf_changed":false,"rs_blank_template":"","rs_page_bg_color":"","slide_template_v7":""},"product_brand":[],"product_cat":[45,76,43],"product_tag":[],"class_list":{"0":"post-9213","1":"product","2":"type-product","3":"status-publish","4":"has-post-thumbnail","6":"product_cat-alla-produkter","7":"product_cat-bevattningteknik","8":"product_cat-uncategorized-sv","10":"first","11":"instock","12":"taxable","13":"shipping-taxable","14":"purchasable","15":"product-type-simple"},"acf":[],"_links":{"self":[{"href":"https:\/\/www.jenark.dk\/sv\/wp-json\/wp\/v2\/product\/9213","targetHints":{"allow":["GET"]}}],"collection":[{"href":"https:\/\/www.jenark.dk\/sv\/wp-json\/wp\/v2\/product"}],"about":[{"href":"https:\/\/www.jenark.dk\/sv\/wp-json\/wp\/v2\/types\/product"}],"wp:featuredmedia":[{"embeddable":true,"href":"https:\/\/www.jenark.dk\/sv\/wp-json\/wp\/v2\/media\/933"}],"wp:attachment":[{"href":"https:\/\/www.jenark.dk\/sv\/wp-json\/wp\/v2\/media?parent=9213"}],"wp:term":[{"taxonomy":"product_brand","embeddable":true,"href":"https:\/\/www.jenark.dk\/sv\/wp-json\/wp\/v2\/product_brand?post=9213"},{"taxonomy":"product_cat","embeddable":true,"href":"https:\/\/www.jenark.dk\/sv\/wp-json\/wp\/v2\/product_cat?post=9213"},{"taxonomy":"product_tag","embeddable":true,"href":"https:\/\/www.jenark.dk\/sv\/wp-json\/wp\/v2\/product_tag?post=9213"}],"curies":[{"name":"wp","href":"https:\/\/api.w.org\/{rel}","templated":true}]}}