{"id":9223,"date":"2022-08-31T12:38:08","date_gmt":"2022-08-31T12:38:08","guid":{"rendered":"https:\/\/www.jenark.dk\/?post_type=product&#038;p=9223"},"modified":"2024-03-06T11:44:10","modified_gmt":"2024-03-06T11:44:10","slug":"dosatron-d3gl2bpvf","status":"publish","type":"product","link":"https:\/\/www.jenark.dk\/sv\/produkt\/dosatron-d3gl2bpvf\/","title":{"rendered":"DOSATRON &#8211; D3GL2BPVF"},"content":{"rendered":"<p>DOSATRON D3GL2BPVF -Doseringspump f\u00f6r noggrann dosering utan el. En doseringspump fr\u00e5n DOSATRON som tillh\u00f6r GreenLine-serien med gr\u00f6nt plastpumphus som \u00e4r extra UV-resistent och speciellt utvecklad f\u00f6r anv\u00e4ndning inom bevattningsteknik.<\/p>\n<p>DOSATRON D3GL2 har standard VF-packningar och integrerad by-pass-ventil.<\/p>\n<p>Att v\u00e4lja DOSATRON modelltyp beror p\u00e5 vattenfl\u00f6de, dosering och produkt. V\u00e4nligen kontakta v\u00e5r kundtj\u00e4nst f\u00f6r ytterligare fr\u00e5gor.<\/p>\n<p><a href=\"https:\/\/www.jenark.dk\/shop\/\">Se v\u00e5ra andra doseringspumpar fr\u00e5n DOSATRON h\u00e4r<\/a><\/p>\n<h4><\/h4>\n<h4><strong>Underh\u00e5llssatser:<\/strong><\/h4>\n<p>Rep-kit f\u00f6r doseringsdel: PJDI116 VF<\/p>\n<p>Backventil \u00d88 : PJDI115 VF<\/p>\n<p>Rep-kit f\u00f6r motordel: EMDI006 VF<\/p>\n<p>&nbsp;<\/p>\n<div class=\" \">\n<div class=\"container-max-width nopadding-top\">\n<div class=\"container\">\n<div class=\"html-content\">\n<div class=\"row\">\n<div class=\"col-sm-8 col-md-12 col-xs-12\">\n<h1 class=\"brandcolor\">Fertilizer Injector \u2013 The tool to feed plants<\/h1>\n<\/div>\n<\/div>\n<\/div>\n<\/div>\n<\/div>\n<\/div>\n<div class=\"\">\n<div class=\"container\">\n<div class=\"row\">\n<div class=\"col-md-12\">\n<p>Dosatron Green Line range offers a comprehensive fertilizer injector portfolio allowing you to address all fertigation needs in fruit and vegetable production, greenhouses, nurseries, field crops cultivation and landscaping.<\/p>\n<h2>Dosatron Green Line Irrigation Fertilizer Injector Pump Specifications<\/h2>\n<\/div>\n<\/div>\n<\/div>\n<\/div>\n<div class=\"\">\n<div class=\"container\">\n<div class=\"row\">\n<div class=\"col-md-12\">\n<p>&nbsp;<\/p>\n<\/div>\n<\/div>\n<\/div>\n<section class=\"container GD-ProductCategory\">\n<div class=\"ui doubling stackable five cards product-parts ng-scope\">\n<div class=\"ui raised card \">\n<div class=\"content ieFlex top-content\">\n<p><a class=\"js-relatedItem\" href=\"https:\/\/www.dosatron.com\/en-dk\/products\/fertilizer-dosing-pumps\/d3gl\" target=\"_self\" rel=\"noopener\"><img loading=\"lazy\" decoding=\"async\" class=\"card__image\" src=\"https:\/\/www.dosatron.com\/content\/published\/api\/v1.1\/assets\/CONT863E008D587146DD8E15F8D1B8E456DD\/native\/d3gl2-1-4.jpg?channelToken=cf64422d54704d73968ba26c0eb469e9\" alt=\"D3GL2 fertilizer injector 3\/4 \" width=\"240\" height=\"240\" \/><\/a><\/p>\n<div class=\"card__content\">\n<h4 class=\"card__content__header--font-control\">D3GL \u2013 FERTILIZER INJECTOR<\/h4>\n<\/div>\n<\/div>\n<\/div>\n<div class=\"ui raised card \">\n<div class=\"content ieFlex top-content\">\n<p><a class=\"js-relatedItem\" href=\"https:\/\/www.dosatron.com\/en-dk\/products\/fertilizer-dosing-pumps\/d9gl\" target=\"_self\" rel=\"noopener\"><img loading=\"lazy\" decoding=\"async\" class=\"card__image\" src=\"https:\/\/www.dosatron.com\/content\/published\/api\/v1.1\/assets\/CONTBA263D3FBDC04FEF800B1B1045311382\/native\/d9gl2-4.jpg?channelToken=cf64422d54704d73968ba26c0eb469e9\" alt=\"Dosatron fertilizer injector pump - D9GL2 model\" width=\"240\" height=\"240\" \/><\/a><\/p>\n<div class=\"card__content\">\n<h4 class=\"card__content__header--font-control\">D9GL<\/h4>\n<div class=\"card__content__description\">\n<div class=\"card__content__description--font-control\">Dosatron Fertilizer Injector<\/div>\n<\/div>\n<\/div>\n<\/div>\n<\/div>\n<div class=\"ui raised card \">\n<div class=\"content ieFlex top-content\">\n<p><a class=\"js-relatedItem\" href=\"https:\/\/www.dosatron.com\/en-dk\/products\/fertilizer-dosing-pumps\/d20gl\" target=\"_self\" rel=\"noopener\"><img loading=\"lazy\" decoding=\"async\" class=\"card__image\" src=\"https:\/\/www.dosatron.com\/content\/published\/api\/v1.1\/assets\/CONT3D6A8F2602504393BCD31129C2C0BE77\/native\/d20gl-0.jpg?channelToken=cf64422d54704d73968ba26c0eb469e9\" alt=\"Dosatron fertilizer inejctor - D20GL range\" width=\"240\" height=\"240\" \/><\/a><\/p>\n<div class=\"card__content\">\n<h4 class=\"card__content__header--font-control\">D20GL<\/h4>\n<\/div>\n<\/div>\n<\/div>\n<div class=\"ui raised card \">\n<div class=\"content ieFlex top-content\">\n<p><a class=\"js-relatedItem\" href=\"https:\/\/www.dosatron.com\/en-dk\/products\/fertilizer-dosing-pumps\/d30gl\" target=\"_self\" rel=\"noopener\"><img loading=\"lazy\" decoding=\"async\" class=\"card__image\" src=\"https:\/\/www.dosatron.com\/content\/published\/api\/v1.1\/assets\/CONT056F5E3A80204E74952F71D8AE676EF7\/native\/d30gl1-0-5.jpg?channelToken=cf64422d54704d73968ba26c0eb469e9\" alt=\"Dosatron fertilizer injector pump - D30GL1 model\" width=\"240\" height=\"240\" \/><\/a><\/p>\n<div class=\"card__content\">\n<h4 class=\"card__content__header--font-control\">D30GL<\/h4>\n<\/div>\n<\/div>\n<\/div>\n<div class=\"ui raised card \">\n<div class=\"content ieFlex top-content\">\n<p><a class=\"js-relatedItem\" href=\"https:\/\/www.dosatron.com\/en-dk\/products\/fertilizer-dosing-pumps\/d90gl\" target=\"_self\" rel=\"noopener\"><img loading=\"lazy\" decoding=\"async\" class=\"card__image\" src=\"https:\/\/www.dosatron.com\/content\/published\/api\/v1.1\/assets\/CONTA49C6943087A456983A98C1C01925DC8\/native\/d90gl05bp-2.png?channelToken=cf64422d54704d73968ba26c0eb469e9\" alt=\"Dosatron fertilizer injector pump - D90GL05 model\" width=\"240\" height=\"240\" \/><\/a><\/p>\n<div class=\"card__content\">\n<h4 class=\"card__content__header--font-control\">D90GL<\/h4>\n<\/div>\n<\/div>\n<\/div>\n<\/div>\n<\/section>\n<\/div>\n<div class=\"\">\n<div class=\"container\">\n<div class=\"row\">\n<div class=\"col-md-12\">\n<h2>Green Line Fertilizer Injector Pumps \u2013 Created by expert growers for expert growers<\/h2>\n<p>Farmers and growers all over the world will tell you that getting the right nutrients to your crops at the right time is essential to a great harvest. That is where Dosatron fertilizer injectors come in.<\/p>\n<p>Dosatron injectors are precision metering pumps that allow you to accurately supply your crops with the right amount of fertilizer, at the right time. They are perfect for irrigated farms and greenhouses. They and can be used with any type of liquid or soluble fertilizer.<\/p>\n<p>In this page, we will take a closer look at Dosatron irrigation injectors, and show you how they can help you produce a bountiful harvest, great ornamentals and abundant cut flowers.<\/p>\n<h2>Green Line, the Fertilizer Injector range of Choice for all Growers<\/h2>\n<p>It is the result of 45 years of research development and field experience in providing dosing systems for hydroponics, greenhouse and nursery growers.<\/p>\n<p>As an inline fertilizer injection pump, it is metering liquid fertilizer as well as soluble fertilizer.<br \/>\nUnlike a venturi fertilizer injector, the Dosatron irrigation injection pump gives you perfect control on proportional dosing.<\/p>\n<p>Best fit fertilizer injector for drip irrigation system, sprinkler system and drip tape.<\/p>\n<h2>Dosatron, an Innovative Technology for Better Performance<\/h2>\n<p>Water powered, the Dosatron inline fertilizer injector needs no external power. Water drives the injection pump, and water controls it.<\/p>\n<p>The Dosatron metering pump has a unique, patented design and offers accurate and reliable dosing rates for outstanding long-term performance.<\/p>\n<p>Different models of our fertigation dosing pump cover a wide dosing range for liquid fertilizer injection.<\/p>\n<p>From as low as 0.03 % to 25% the grower chooses his fertilizer injector.<\/p>\n<p>&nbsp;<\/p>\n<\/div>\n<\/div>\n<\/div>\n<\/div>\n<div class=\"GDHTMLMultipleLayout\">\n<div class=\"container\">\n<div class=\"row\">\n<div class=\"col-md-6 col-sm-6 col-xs-12\">\n<p><img decoding=\"async\" class=\"img-responsive\" src=\"https:\/\/www.dosatron.com\/content\/published\/api\/v1.1\/assets\/CONT9131159BBB3E4157B43E7A096220B085\/native\/fertigation-dosing-pump-operating-principle.png?channelToken=cf64422d54704d73968ba26c0eb469e9\" alt=\"Dosatron Fertilizer Injector Operating principle\" \/><\/p>\n<div class=\"caption\">Fertilizer Injector Operating Principle<\/div>\n<\/div>\n<div class=\"col-md-6 col-sm-6 col-xs-12\">\n<div class=\"title\">\n<h3 class=\"story brandcolor\">How does the Dosatron Dosing Pump Work?<\/h3>\n<p>&nbsp;<\/p>\n<p>Set up on the water network, the metering pump uses water pressure as the only driving force.<\/p>\n<p>When working, it draws up the concentrated product, doses it to the desired percentage, and then mixes it with the driving water. The solution is then sent downstream to your plants.<\/p>\n<p>The dose of fertilizer injected is always proportional to the volume of water flowing through the pump, regardless of variations in flow rate or system pressure. Once set, the concentration of fertilizer in the water changes no more.<\/p>\n<p>The dosage is easily adjusted on the dosing scale.<\/p>\n<p>The amount of product injected is always proportional to the amount of water entering the dosing pump.<\/p>\n<\/div>\n<\/div>\n<\/div>\n<\/div>\n<\/div>\n<div class=\"GDHTMLMultipleLayout\">\n<div class=\"container\">\n<div class=\"row\">\n<div class=\"col-md-12\">\n<p>&nbsp;<\/p>\n<h2>How to Install a Dosatron Fertilizer Injector Pump?<\/h2>\n<p dir=\"ltr\">The dosing pump can be connected to the main water line directly or on a by-pass (recommended to always ensure water supply).<\/p>\n<p dir=\"ltr\">To prolong the working life of the injector it is advisable to install a filter upstream (ex.: 300 mesh \u2013 60 microns depending on your water quality).<\/p>\n<p dir=\"ltr\">This is imperative if the water contains impurities or abrasive particles.<\/p>\n<p dir=\"ltr\">An upstream filter is recommended and required for the warranty to be valid.<\/p>\n<p dir=\"ltr\">Setting up the Dosatron fertigation pump on a bypass enables fresh water to be supplied without operating the injector.<\/p>\n<p>&nbsp;<\/p>\n<\/div>\n<\/div>\n<picture class=\"margin-bottom\"><img decoding=\"async\" class=\"lazyload img-responsive cx__sez_img_dim_360 center-aligned\" src=\"https:\/\/www.dosatron.com\/content\/published\/api\/v1.1\/assets\/CONT7396032D9D0F4A77B04C479F33FAE1AF\/native\/d3install.png?channelToken=cf64422d54704d73968ba26c0eb469e9\" alt=\"Dosatron fertilizer injector installation tip\" data-was-processed=\"\" \/><\/picture>\n<div class=\"caption center-aligned\">Fertilizer Injector installation type<\/div>\n<\/div>\n<\/div>\n<div class=\"\">\n<div class=\"container\">\n<div class=\"row\">\n<div class=\"col-md-12\">\n<h3 class=\"brandcolor\">Why Choose a Dosatron Fertilizer Injector?<\/h3>\n<p>&nbsp;<\/p>\n<p><strong>Dosatron has you covered. Take control of your fertigation.<\/strong><\/p>\n<p>You need to feed your crop in a simple and reliable manner.<br \/>\nYou want to boost your harvest and avoid possible waste of precious nutrients.<\/p>\n<p>Dosatron injector with a dosing range of 0.2 to 2% (1:500 to 1:50) is the answer to most fertigation tasks.<\/p>\n<p>Fruit and vegetable production, berries, ornamentals or leafy green. Outdoor, greenhouse and hydroponics.<br \/>\nDosatron fertilizer injector fits all.<br \/>\nEither single for multi-nutrient fertilizer, or as many as you need to manage multiple stock solutions for your individual fertigation strategy.<\/p>\n<p dir=\"ltr\">Tiny dose rate for pH-correction or trace nutrients, large dosing for organic fertilizer or compost teas.\u00a0<a href=\"https:\/\/www.dosatron.com\/en-dk\/products\/fertilizer-dosing-pumps\" target=\"_blank\" rel=\"noopener\">Check out different models<\/a>.<\/p>\n<\/div>\n<\/div>\n<\/div>\n<\/div>\n<div class=\"\">\n<div class=\"container\">\n<div class=\"row\">\n<div class=\"col-md-12\">\n<p>&nbsp;<\/p>\n<h2>What Do Growers Say About Our Fertilizer Injector?<\/h2>\n<p><em>\u201cD30GL1 is the best fertilizer injector I have ever used. It is moisture and heat proof, so it works fine in all weather. [..] It is easy to use, and it is simple to adjust. Fertilizer is delivered to the plant based on the crop\u2019s needs.\u201d<\/em><br \/>\nMartin<\/p>\n<p><em>\u201cAfter trying other fertilizer injector pumps from various companies, I decided to choose D3GL2, because they have a pump that is easy to use. The pump works well with all fertilizer types.\u201d<\/em><br \/>\nFabrizio<\/p>\n<p><em>\u201cI wanted to get a fertilizer injector for my greenhouse but needed to make sure it would be capable of delivering the right amount of fertilizer at the right time. I chose the D9GL2 over an existing option because I liked that it was designed for outside use.\u201d<\/em><br \/>\nLuke<\/p>\n<p><em>\u201cWe use Dosatron fertilizer injectors since my father got his first Dosatron DI16 more than 30 years back. If you keep particles away, they are basically indestructible. The new models D3GL2 and D9GL2 are even better. We are great fans of Dosatron and have used them ever since for our production.\u201d<\/em><br \/>\nDieter<\/p>\n<p><em>\u201cOur multi-acre blueberry farm is equipped with several MegaFlow D90GL units. Out in the fields we have no electricity available. The water powered Dosatron fertilizer injector was the ideal answer to our need for precision fertigation. They work like a charm.\u201d<\/em><br \/>\nJason<\/p>\n<\/div>\n<\/div>\n<\/div>\n<\/div>\n","protected":false},"excerpt":{"rendered":"<p><iframe loading=\"lazy\" title=\"Dosatron presents: The D3GL2 Fertilizer Injector\" src=\"https:\/\/www.youtube.com\/embed\/1BEKJgiJXDg\" width=\"405\" height=\"228\" frameborder=\"0\" allowfullscreen=\"allowfullscreen\"><\/iframe><\/p>\n<p>DOSATRON D3GL2BPVF Green Line, marknadens nyaste doseringspump f\u00f6r bevattning, droppbevattning och spolning.<\/p>\n<ul>\n<li>Dosering: 0.2-2%<\/li>\n<li>Tryck: 0,2-6 bar<\/li>\n<li>Vattenfl\u00f6de: 10 l\/h &#8211; 3 m\u00b3\/h<\/li>\n<li>Integrerad by-pass-funktion<\/li>\n<li>VF\/viton f\u00f6rpackningar<\/li>\n<\/ul>\n<p><a href=\"https:\/\/www.jenark.dk\/jenark\/\">Kontakta v\u00e5r kundtj\u00e4nst f\u00f6r mer information om modeller, alternativ och typ av f\u00f6rpackning.<\/a><\/p>\n","protected":false},"featured_media":9321,"template":"","meta":{"_acf_changed":false,"rs_blank_template":"","rs_page_bg_color":"","slide_template_v7":""},"product_brand":[],"product_cat":[76,45,43],"product_tag":[101],"class_list":{"0":"post-9223","1":"product","2":"type-product","3":"status-publish","4":"has-post-thumbnail","6":"product_cat-bevattningteknik","7":"product_cat-alla-produkter","8":"product_cat-uncategorized-sv","9":"product_tag-dosering-0-2-2","11":"first","12":"instock","13":"taxable","14":"shipping-taxable","15":"purchasable","16":"product-type-simple"},"acf":[],"_links":{"self":[{"href":"https:\/\/www.jenark.dk\/sv\/wp-json\/wp\/v2\/product\/9223","targetHints":{"allow":["GET"]}}],"collection":[{"href":"https:\/\/www.jenark.dk\/sv\/wp-json\/wp\/v2\/product"}],"about":[{"href":"https:\/\/www.jenark.dk\/sv\/wp-json\/wp\/v2\/types\/product"}],"wp:featuredmedia":[{"embeddable":true,"href":"https:\/\/www.jenark.dk\/sv\/wp-json\/wp\/v2\/media\/9321"}],"wp:attachment":[{"href":"https:\/\/www.jenark.dk\/sv\/wp-json\/wp\/v2\/media?parent=9223"}],"wp:term":[{"taxonomy":"product_brand","embeddable":true,"href":"https:\/\/www.jenark.dk\/sv\/wp-json\/wp\/v2\/product_brand?post=9223"},{"taxonomy":"product_cat","embeddable":true,"href":"https:\/\/www.jenark.dk\/sv\/wp-json\/wp\/v2\/product_cat?post=9223"},{"taxonomy":"product_tag","embeddable":true,"href":"https:\/\/www.jenark.dk\/sv\/wp-json\/wp\/v2\/product_tag?post=9223"}],"curies":[{"name":"wp","href":"https:\/\/api.w.org\/{rel}","templated":true}]}}