{"id":9226,"date":"2022-09-05T12:46:27","date_gmt":"2022-09-05T12:46:28","guid":{"rendered":"https:\/\/www.jenark.dk\/?post_type=product&#038;p=9226"},"modified":"2024-03-06T13:14:08","modified_gmt":"2024-03-06T13:14:08","slug":"dosatron-d25gl2vf","status":"publish","type":"product","link":"https:\/\/www.jenark.dk\/sv\/produkt\/dosatron-d25gl2vf\/","title":{"rendered":"DOSATRON &#8211; D25GL2VF"},"content":{"rendered":"<p>DOSATRON &#8211; D25GL2 VF<\/p>\n<p>Doseringspump f\u00f6r korrekt dosering utan el. En doseringspump fr\u00e5n DOSATRON som tillh\u00f6r GreenLine-serien med gr\u00f6nt plastpumphus som \u00e4r extra UV-resistent och speciellt utvecklad f\u00f6r anv\u00e4ndning inom bevattningsteknik.<\/p>\n<p>DOSATRON D25GL2VF har standard VF-packningar.<\/p>\n<p>Att v\u00e4lja DOSATRON modelltyp beror p\u00e5 vattenfl\u00f6de, dosering och produkt. V\u00e4nligen kontakta v\u00e5r kundtj\u00e4nst f\u00f6r ytterligare fr\u00e5gor.<\/p>\n<p><a href=\"https:\/\/www.jenark.dk\/shop\/\">Se v\u00e5ra andra doseringspumpar fr\u00e5n DOSATRON h\u00e4r<\/a><\/p>\n<h4><strong>Underh\u00e5llssatser:<\/strong><\/h4>\n<p>Rep-kit f\u00f6r doseringsdel: PJ093 VF<\/p>\n<p>Backventil \u00d86 : PJ092 VF<\/p>\n<p>Repsats f\u00f6r motordel: EM004 VF<\/p>\n<h2>What specific features ?<\/h2>\n<h3>Operating system<\/h3>\n<p>Installed on the water network, the DOSATRON uses water pressure as the only driving force. When activated, it sucks in the concentrated product, doses it to the desired percentage, then mixes it with the driving water. The solution is then sent downstream. The dose of product injected is always proportional to the volume of water flowing through the DOSATRON, regardless of variations in flow rate or system pressure.<\/p>\n<h3>Externally adjustable proportional dosing<\/h3>\n<p>The dosage is adjusted by matching the top of the adjustment ring to the desired scale on the scale. The amount of product injected is proportional to the amount of water entering the DOSATRON.<\/p>\n","protected":false},"excerpt":{"rendered":"<p><iframe loading=\"lazy\" width=\"1020\" height=\"574\" src=\"https:\/\/www.youtube.com\/embed\/plaFfB9JMF0\" title=\"Piston Pump, a Dosatron technology explained (D25)\" frameborder=\"0\" allow=\"accelerometer; autoplay; clipboard-write; encrypted-media; gyroscope; picture-in-picture; web-share\" allowfullscreen><\/iframe><\/p>\n<p>DOSATRON D3GL2VF doser proportionellt mot vattentryck och fl\u00f6de. Konstant och exakt dosering av m\u00e5nga typer av flytande till\u00e4gg.<\/p>\n<ul>\n<li>Dosering: 0.2-2%<\/li>\n<li>Tryck: 0,3-6 bar<\/li>\n<li>Vattenflow: 10 l\/t-2,5 m\u00b3\/h<\/li>\n<li>VF\/viton f\u00f6rpackningar<\/li>\n<\/ul>\n<p><a href=\"https:\/\/www.jenark.dk\/jenark\/\">Kontakta v\u00e5r kundtj\u00e4nst f\u00f6r mer information om modeller, alternativ och typ av f\u00f6rpackning.<\/a><\/p>\n","protected":false},"featured_media":788,"template":"","meta":{"_acf_changed":false,"rs_blank_template":"","rs_page_bg_color":"","slide_template_v7":""},"product_brand":[],"product_cat":[45,76,43],"product_tag":[101],"class_list":{"0":"post-9226","1":"product","2":"type-product","3":"status-publish","4":"has-post-thumbnail","6":"product_cat-alla-produkter","7":"product_cat-bevattningteknik","8":"product_cat-uncategorized-sv","9":"product_tag-dosering-0-2-2","11":"first","12":"instock","13":"taxable","14":"shipping-taxable","15":"purchasable","16":"product-type-simple"},"acf":[],"_links":{"self":[{"href":"https:\/\/www.jenark.dk\/sv\/wp-json\/wp\/v2\/product\/9226","targetHints":{"allow":["GET"]}}],"collection":[{"href":"https:\/\/www.jenark.dk\/sv\/wp-json\/wp\/v2\/product"}],"about":[{"href":"https:\/\/www.jenark.dk\/sv\/wp-json\/wp\/v2\/types\/product"}],"wp:featuredmedia":[{"embeddable":true,"href":"https:\/\/www.jenark.dk\/sv\/wp-json\/wp\/v2\/media\/788"}],"wp:attachment":[{"href":"https:\/\/www.jenark.dk\/sv\/wp-json\/wp\/v2\/media?parent=9226"}],"wp:term":[{"taxonomy":"product_brand","embeddable":true,"href":"https:\/\/www.jenark.dk\/sv\/wp-json\/wp\/v2\/product_brand?post=9226"},{"taxonomy":"product_cat","embeddable":true,"href":"https:\/\/www.jenark.dk\/sv\/wp-json\/wp\/v2\/product_cat?post=9226"},{"taxonomy":"product_tag","embeddable":true,"href":"https:\/\/www.jenark.dk\/sv\/wp-json\/wp\/v2\/product_tag?post=9226"}],"curies":[{"name":"wp","href":"https:\/\/api.w.org\/{rel}","templated":true}]}}