{"id":9231,"date":"2022-09-05T13:10:21","date_gmt":"2022-09-05T13:10:21","guid":{"rendered":"https:\/\/www.jenark.dk\/?post_type=product&#038;p=9231"},"modified":"2024-03-06T13:09:48","modified_gmt":"2024-03-06T13:09:48","slug":"dosatron-d25re09ao","status":"publish","type":"product","link":"https:\/\/www.jenark.dk\/sv\/produkt\/dosatron-d25re09ao\/","title":{"rendered":"DOSATRON &#8211; D25RE09AO"},"content":{"rendered":"<p>DOSATRON &#8211; D25RE09 AO<\/p>\n<p>D25RE09AO \u00e4r en doseringspump f\u00f6r exakt dosering utan el. En mindre doseringspump fr\u00e5n DOSATRON med m\u00e5nga anv\u00e4ndningsomr\u00e5den, fr\u00e4mst inom hygien- och livsmedelsindustrin f\u00f6r dosering av organisk syra.<\/p>\n<p>DOSATRON D25RE09 finns \u00e4ven med standard VF-packningar samt AF-packningar som \u00e4r utvalda f\u00f6r de flesta alkaliska produkter.<\/p>\n<p>Att v\u00e4lja DOSATRON modelltyp beror p\u00e5 vattenfl\u00f6de, dosering och produkt. V\u00e4nligen kontakta v\u00e5r kundtj\u00e4nst f\u00f6r ytterligare fr\u00e5gor.<\/p>\n<p><a href=\"https:\/\/www.jenark.dk\/shop\/\">Se v\u00e5ra andra doseringspumpar fr\u00e5n DOSATRON h\u00e4r<\/a><\/p>\n<h4><strong>Underh\u00e5llssatser:<\/strong><\/h4>\n<p>Rep-kit f\u00f6r doseringsdel: PJ127 AO<\/p>\n<p>Backventil \u00d86: PJDI026 AO<\/p>\n<p>Repsats f\u00f6r motordel: EM004 VF<\/p>\n<h2>What specific features ?<\/h2>\n<h3>Operating system<\/h3>\n<p>Installed on the water network, the DOSATRON uses water pressure as the only driving force. When activated, it sucks in the concentrated product, doses it to the desired percentage, then mixes it with the driving water. The solution is then sent downstream. The dose of product injected is always proportional to the volume of water flowing through the DOSATRON, regardless of variations in flow rate or system pressure.<\/p>\n<h3>Externally adjustable proportional dosing<\/h3>\n<p>The dosage is adjusted by matching the top of the adjustment ring to the desired scale on the scale. The amount of product injected is proportional to the amount of water entering the DOSATRON.<\/p>\n","protected":false},"excerpt":{"rendered":"<p><iframe loading=\"lazy\" width=\"1020\" height=\"574\" src=\"https:\/\/www.youtube.com\/embed\/plaFfB9JMF0\" title=\"Piston Pump, a Dosatron technology explained (D25)\" frameborder=\"0\" allow=\"accelerometer; autoplay; clipboard-write; encrypted-media; gyroscope; picture-in-picture; web-share\" allowfullscreen><\/iframe><\/p>\n<p>DOSATRON D25RE09AO doserar proportionellt mot vattentryck och fl\u00f6de. Konstant och exakt dosering av m\u00e5nga typer av flytande till\u00e4gg.<\/p>\n<ul>\n<li>Dosering: 0,1-0,9%<\/li>\n<li>Tryck: 0,3-6 bar<\/li>\n<li>Vattenflow: 10 l\/t-2,5 m\u00b3\/h<\/li>\n<li>Specialf\u00f6rpackningar f\u00f6r organiska syror<\/li>\n<li>Syrafast pumphus i PVDF<\/li>\n<\/ul>\n<p>D25RE09 finns \u00e4ven med standard VF-packningar eller AF-packningar f\u00f6r alkaliska produkter.<\/p>\n<p><a href=\"https:\/\/www.jenark.dk\/jenark\/\">Kontakta v\u00e5r kundtj\u00e4nst f\u00f6r mer information om modeller, alternativ och typ av f\u00f6rpackning.<\/a><\/p>\n","protected":false},"featured_media":9228,"template":"","meta":{"_acf_changed":false,"rs_blank_template":"","rs_page_bg_color":"","slide_template_v7":""},"product_brand":[],"product_cat":[45,43,67,65],"product_tag":[124],"class_list":{"0":"post-9231","1":"product","2":"type-product","3":"status-publish","4":"has-post-thumbnail","6":"product_cat-alla-produkter","7":"product_cat-uncategorized-sv","8":"product_cat-industri-sv","9":"product_cat-livsmedelshygien","10":"product_tag-dosering-0-03-0-3-sv","12":"first","13":"instock","14":"taxable","15":"shipping-taxable","16":"purchasable","17":"product-type-simple"},"acf":[],"_links":{"self":[{"href":"https:\/\/www.jenark.dk\/sv\/wp-json\/wp\/v2\/product\/9231","targetHints":{"allow":["GET"]}}],"collection":[{"href":"https:\/\/www.jenark.dk\/sv\/wp-json\/wp\/v2\/product"}],"about":[{"href":"https:\/\/www.jenark.dk\/sv\/wp-json\/wp\/v2\/types\/product"}],"wp:featuredmedia":[{"embeddable":true,"href":"https:\/\/www.jenark.dk\/sv\/wp-json\/wp\/v2\/media\/9228"}],"wp:attachment":[{"href":"https:\/\/www.jenark.dk\/sv\/wp-json\/wp\/v2\/media?parent=9231"}],"wp:term":[{"taxonomy":"product_brand","embeddable":true,"href":"https:\/\/www.jenark.dk\/sv\/wp-json\/wp\/v2\/product_brand?post=9231"},{"taxonomy":"product_cat","embeddable":true,"href":"https:\/\/www.jenark.dk\/sv\/wp-json\/wp\/v2\/product_cat?post=9231"},{"taxonomy":"product_tag","embeddable":true,"href":"https:\/\/www.jenark.dk\/sv\/wp-json\/wp\/v2\/product_tag?post=9231"}],"curies":[{"name":"wp","href":"https:\/\/api.w.org\/{rel}","templated":true}]}}