{"id":9249,"date":"2022-09-07T12:45:25","date_gmt":"2022-09-07T12:45:26","guid":{"rendered":"https:\/\/www.jenark.dk\/?post_type=product&#038;p=9249"},"modified":"2024-03-06T12:57:38","modified_gmt":"2024-03-06T12:57:38","slug":"dosatron-d25re2ieaf","status":"publish","type":"product","link":"https:\/\/www.jenark.dk\/sv\/produkt\/dosatron-d25re2ieaf\/","title":{"rendered":"DOSATRON &#8211; D25RE2IEAF"},"content":{"rendered":"<p>DOSATRON &#8211; D25RE2IEAF<\/p>\n<p>Doseringspump f\u00f6r korrekt dosering utan el. En mindre doseringspump fr\u00e5n DOSATRON med m\u00e5nga applikationer. Denna modell har extern dosering d\u00e4r koncentratet transporteras runt pumphuset och d\u00e4rmed inte kommer i kontakt med pumphuset.<\/p>\n<p>DOSATRON D25RE2IEAF har AF packningar som v\u00e4ljs till de flesta alkaliska produkter. Finns ocks\u00e5 med VF packninger i viton material \u00b4D25RE2IEVF\u00b4.<\/p>\n<p>Att v\u00e4lja DOSATRON modelltyp beror p\u00e5 vattenfl\u00f6de, dosering och produkt. V\u00e4nligen kontakta v\u00e5r kundtj\u00e4nst f\u00f6r ytterligare fr\u00e5gor.<\/p>\n<p><a href=\"https:\/\/www.jenark.dk\/shop\/\">Se v\u00e5ra andra doseringspumpar fr\u00e5n DOSATRON h\u00e4r<\/a><\/p>\n<h4><strong>Underh\u00e5llssatser:<\/strong><\/h4>\n<p>Rep-kit f\u00f6r dosering del och extern del: PJ157 AF<\/p>\n<p>Backventil \u00d86: PJDI074 AF<\/p>\n<p>Repsats f\u00f6r motordelar: EM004 AF<\/p>\n<p>&nbsp;<\/p>\n<h2>What specific features ?<\/h2>\n<h3>Operating system<\/h3>\n<p>Installed on the water network, the DOSATRON uses water pressure as the only driving force. When activated, it sucks in the concentrated product, doses it to the desired percentage, then mixes it with the driving water. The solution is then sent downstream. The dose of product injected is always proportional to the volume of water flowing through the DOSATRON, regardless of variations in flow rate or system pressure.<\/p>\n<h3>Externally adjustable proportional dosing<\/h3>\n<p>The dosage is adjusted by matching the top of the adjustment ring to the desired scale on the scale. The amount of product injected is proportional to the amount of water entering the DOSATRON.<\/p>\n","protected":false},"excerpt":{"rendered":"<p><iframe loading=\"lazy\" width=\"1020\" height=\"574\" src=\"https:\/\/www.youtube.com\/embed\/plaFfB9JMF0\" title=\"Piston Pump, a Dosatron technology explained (D25)\" frameborder=\"0\" allow=\"accelerometer; autoplay; clipboard-write; encrypted-media; gyroscope; picture-in-picture; web-share\" allowfullscreen><\/iframe><\/p>\n<p>DOSATRON D25RE2IEAF doserar proportionellt med vattentryck och flow. Konstant och exakt dosering av m\u00e5nga typer av flytande till\u00e4gg.<\/p>\n<ul>\n<li>Dosering: 0.2-2%<\/li>\n<li>Tryck: 0,3-6 bar<\/li>\n<li>Vattenflow: 10 l\/t-2,5 m\u00b3\/h<\/li>\n<li>AF\/aflas<\/li>\n<li>Extern dosering (IE) d\u00e4r koncentrat doseras runt pumphuset<\/li>\n<\/ul>\n<p>D25RE2IE finns ocks\u00e5 med standard VF packningar f\u00f6r syrehaltiga produkter \u00b4D25RE2IEVF\u00b4<\/p>\n<p><a href=\"https:\/\/www.jenark.dk\/jenark\/\">Kontakta v\u00e5r kundtj\u00e4nst f\u00f6r mer information om modeller, alternativ och typ av f\u00f6rpackning.<\/a><\/p>\n","protected":false},"featured_media":760,"template":"","meta":{"_acf_changed":false,"rs_blank_template":"","rs_page_bg_color":"","slide_template_v7":""},"product_brand":[],"product_cat":[45,43,67,65],"product_tag":[101],"class_list":{"0":"post-9249","1":"product","2":"type-product","3":"status-publish","4":"has-post-thumbnail","6":"product_cat-alla-produkter","7":"product_cat-uncategorized-sv","8":"product_cat-industri-sv","9":"product_cat-livsmedelshygien","10":"product_tag-dosering-0-2-2","12":"first","13":"instock","14":"taxable","15":"shipping-taxable","16":"purchasable","17":"product-type-simple"},"acf":[],"_links":{"self":[{"href":"https:\/\/www.jenark.dk\/sv\/wp-json\/wp\/v2\/product\/9249","targetHints":{"allow":["GET"]}}],"collection":[{"href":"https:\/\/www.jenark.dk\/sv\/wp-json\/wp\/v2\/product"}],"about":[{"href":"https:\/\/www.jenark.dk\/sv\/wp-json\/wp\/v2\/types\/product"}],"wp:featuredmedia":[{"embeddable":true,"href":"https:\/\/www.jenark.dk\/sv\/wp-json\/wp\/v2\/media\/760"}],"wp:attachment":[{"href":"https:\/\/www.jenark.dk\/sv\/wp-json\/wp\/v2\/media?parent=9249"}],"wp:term":[{"taxonomy":"product_brand","embeddable":true,"href":"https:\/\/www.jenark.dk\/sv\/wp-json\/wp\/v2\/product_brand?post=9249"},{"taxonomy":"product_cat","embeddable":true,"href":"https:\/\/www.jenark.dk\/sv\/wp-json\/wp\/v2\/product_cat?post=9249"},{"taxonomy":"product_tag","embeddable":true,"href":"https:\/\/www.jenark.dk\/sv\/wp-json\/wp\/v2\/product_tag?post=9249"}],"curies":[{"name":"wp","href":"https:\/\/api.w.org\/{rel}","templated":true}]}}