{"id":9279,"date":"2022-09-07T14:04:48","date_gmt":"2022-09-07T14:04:49","guid":{"rendered":"https:\/\/www.jenark.dk\/?post_type=product&#038;p=9279"},"modified":"2024-03-06T13:03:34","modified_gmt":"2024-03-06T13:03:34","slug":"dosatron-d25re1500vfp","status":"publish","type":"product","link":"https:\/\/www.jenark.dk\/sv\/produkt\/dosatron-d25re1500vfp\/","title":{"rendered":"DOSATRON &#8211; D25RE1500VFP"},"content":{"rendered":"<p>DOSATRON &#8211; D25RE1500VFP<\/p>\n<p>Doseringspump f\u00f6r korrekt dosering utan el. En mindre doseringspump fr\u00e5n DOSATRON med m\u00e5nga anv\u00e4ndningsomr\u00e5den, fr\u00e4mst inom jordbruk, bevattningsteknik och reng\u00f6ring. Pumphus i syrefast PVDF material.<\/p>\n<p>DOSATRON D25RE1500VFP har standard VF-packningar och PVDF-pumphus.<\/p>\n<p>Att v\u00e4lja DOSATRON modelltyp beror p\u00e5 vattenfl\u00f6de, dosering och produkt. V\u00e4nligen kontakta v\u00e5r kundtj\u00e4nst f\u00f6r ytterligare fr\u00e5gor.<\/p>\n<p><a href=\"https:\/\/www.jenark.dk\/shop\/\">Se v\u00e5ra andra doseringspumpar fr\u00e5n DOSATRON h\u00e4r<\/a><\/p>\n<h4><strong>Underh\u00e5llssatser:<\/strong><\/h4>\n<p>Rep-kit f\u00f6r doseringsdel: PJ118 VF<\/p>\n<p>Backventil \u00d86: PJDI063 VF<\/p>\n<p>Repsats f\u00f6r motordel: EM004 VF<\/p>\n<h2>What specific features ?<\/h2>\n<h3>Operating system<\/h3>\n<p>Installed on the water network, the DOSATRON uses water pressure as the only driving force. When activated, it sucks in the concentrated product, doses it to the desired percentage, then mixes it with the driving water. The solution is then sent downstream. The dose of product injected is always proportional to the volume of water flowing through the DOSATRON, regardless of variations in flow rate or system pressure.<\/p>\n<h3>Externally adjustable proportional dosing<\/h3>\n<p>The dosage is adjusted by matching the top of the adjustment ring to the desired scale on the scale. The amount of product injected is proportional to the amount of water entering the DOSATRON.<\/p>\n","protected":false},"excerpt":{"rendered":"<p><iframe loading=\"lazy\" width=\"1020\" height=\"574\" src=\"https:\/\/www.youtube.com\/embed\/plaFfB9JMF0\" title=\"Piston Pump, a Dosatron technology explained (D25)\" frameborder=\"0\" allow=\"accelerometer; autoplay; clipboard-write; encrypted-media; gyroscope; picture-in-picture; web-share\" allowfullscreen><\/iframe><\/p>\n<p>DOSATRON D25RE1500VF PVDF doserar proportionellt med vattentryck och flow. Konstant och exakt dosering av m\u00e5nga typer av flytande till\u00e4gg.<\/p>\n<ul>\n<li>Dosering: 0.07-0.2%<\/li>\n<li>Tryck: 0,3-6 bar<\/li>\n<li>Vattenflow: 10 l\/t-2,5 m\u00b3\/h<\/li>\n<li>VF\/viton f\u00f6rpackningar<\/li>\n<li>Syrefast PVDF pumphus<\/li>\n<\/ul>\n<p><a href=\"https:\/\/www.jenark.dk\/jenark\/\">Kontakta v\u00e5r kundtj\u00e4nst f\u00f6r mer information om modeller, alternativ och typ av f\u00f6rpackning.<\/a><\/p>\n","protected":false},"featured_media":9403,"template":"","meta":{"_acf_changed":false,"rs_blank_template":"","rs_page_bg_color":"","slide_template_v7":""},"product_brand":[],"product_cat":[45,76,43,67,44,65],"product_tag":[124],"class_list":{"0":"post-9279","1":"product","2":"type-product","3":"status-publish","4":"has-post-thumbnail","6":"product_cat-alla-produkter","7":"product_cat-bevattningteknik","8":"product_cat-uncategorized-sv","9":"product_cat-industri-sv","10":"product_cat-lantbruk","11":"product_cat-livsmedelshygien","12":"product_tag-dosering-0-03-0-3-sv","14":"first","15":"instock","16":"taxable","17":"shipping-taxable","18":"purchasable","19":"product-type-simple"},"acf":[],"_links":{"self":[{"href":"https:\/\/www.jenark.dk\/sv\/wp-json\/wp\/v2\/product\/9279","targetHints":{"allow":["GET"]}}],"collection":[{"href":"https:\/\/www.jenark.dk\/sv\/wp-json\/wp\/v2\/product"}],"about":[{"href":"https:\/\/www.jenark.dk\/sv\/wp-json\/wp\/v2\/types\/product"}],"wp:featuredmedia":[{"embeddable":true,"href":"https:\/\/www.jenark.dk\/sv\/wp-json\/wp\/v2\/media\/9403"}],"wp:attachment":[{"href":"https:\/\/www.jenark.dk\/sv\/wp-json\/wp\/v2\/media?parent=9279"}],"wp:term":[{"taxonomy":"product_brand","embeddable":true,"href":"https:\/\/www.jenark.dk\/sv\/wp-json\/wp\/v2\/product_brand?post=9279"},{"taxonomy":"product_cat","embeddable":true,"href":"https:\/\/www.jenark.dk\/sv\/wp-json\/wp\/v2\/product_cat?post=9279"},{"taxonomy":"product_tag","embeddable":true,"href":"https:\/\/www.jenark.dk\/sv\/wp-json\/wp\/v2\/product_tag?post=9279"}],"curies":[{"name":"wp","href":"https:\/\/api.w.org\/{rel}","templated":true}]}}