{"id":9302,"date":"2022-09-08T13:23:02","date_gmt":"2022-09-08T13:23:02","guid":{"rendered":"https:\/\/www.jenark.dk\/?post_type=product&#038;p=9302"},"modified":"2022-09-26T07:05:07","modified_gmt":"2022-09-26T07:05:07","slug":"dosatron-d3re25ieaf","status":"publish","type":"product","link":"https:\/\/www.jenark.dk\/sv\/produkt\/dosatron-d3re25ieaf\/","title":{"rendered":"DOSATRON &#8211; D3RE25IEAF"},"content":{"rendered":"<p>DOSATRON &#8211; D3RE25IEAF<\/p>\n<p>Doseringspump f\u00f6r korrekt dosering utan el. Denna doseringspump fr\u00e5n DOSATRON med m\u00e5nga anv\u00e4ndningsm\u00f6jligheter, fr\u00e4mst inom industri, betongbearbetning, hygien och reng\u00f6ring.<\/p>\n<p>DOSATRON D3RE25IE finns med standard VF-packningar samt AF-packningar f\u00f6r alkaliska produkter.<\/p>\n<p>Att v\u00e4lja DOSATRON modelltyp beror p\u00e5 vattenfl\u00f6de, dosering och produkt. V\u00e4nligen kontakta v\u00e5r kundtj\u00e4nst f\u00f6r ytterligare fr\u00e5gor.<\/p>\n<p><a href=\"https:\/\/www.jenark.dk\/produkter\/\">Se v\u00e5ra andra doseringspumpar fr\u00e5n DOSATRON h\u00e4r<\/a><\/p>\n<h4><strong>Underh\u00e5llssatser:<\/strong><\/h4>\n<p>Rep-kit f\u00f6r dosering del och extern del: PJDI199 AF<\/p>\n<p>Backventil \u00d816 : PJDI118 AF<\/p>\n<p>Rep-kit f\u00f6r motordelar: EMDI006 AF<\/p>\n","protected":false},"excerpt":{"rendered":"<p>DOSATRON D3RE25IEAF doser proportionellt med vattentryck och fl\u00f6de. Konstant och exakt dosering av m\u00e5nga typer av flytande till\u00e4gg.<\/p>\n<ul>\n<li>Dosering: 5-25%<\/li>\n<li>Tryck: 0,5-4 bar<\/li>\n<li>Vattenfl\u00f6de: 10 l\/t-2 m\u00b3\/h<\/li>\n<li>AF\/aflas packning<\/li>\n<li>Extern dosering (IE) d\u00e4r koncentrat doseras runt pumphuset<\/li>\n<\/ul>\n<p>D3RE25IE finns \u00e4ven med standard VF-packningar f\u00f6r sura produkter &#8217;D3RE25IEVF&#8217;<\/p>\n<p><a href=\"https:\/\/www.jenark.dk\/jenark\/\">Kontakta v\u00e5r kundtj\u00e4nst f\u00f6r mer information om modeller, alternativ och typ av f\u00f6rpackning.<\/a><\/p>\n","protected":false},"featured_media":911,"template":"","meta":{"_acf_changed":false,"rs_blank_template":"","rs_page_bg_color":"","slide_template_v7":""},"product_brand":[],"product_cat":[45,43,67,65,68,72],"product_tag":[108],"class_list":{"0":"post-9302","1":"product","2":"type-product","3":"status-publish","4":"has-post-thumbnail","6":"product_cat-alla-produkter","7":"product_cat-uncategorized-sv","8":"product_cat-industri-sv","9":"product_cat-livsmedelshygien","10":"product_cat-metallbearbetning","11":"product_cat-transport-biltvatt-sv","12":"product_tag-dosering-5-25-sv","14":"first","15":"instock","16":"taxable","17":"shipping-taxable","18":"purchasable","19":"product-type-simple"},"acf":[],"_links":{"self":[{"href":"https:\/\/www.jenark.dk\/sv\/wp-json\/wp\/v2\/product\/9302","targetHints":{"allow":["GET"]}}],"collection":[{"href":"https:\/\/www.jenark.dk\/sv\/wp-json\/wp\/v2\/product"}],"about":[{"href":"https:\/\/www.jenark.dk\/sv\/wp-json\/wp\/v2\/types\/product"}],"wp:featuredmedia":[{"embeddable":true,"href":"https:\/\/www.jenark.dk\/sv\/wp-json\/wp\/v2\/media\/911"}],"wp:attachment":[{"href":"https:\/\/www.jenark.dk\/sv\/wp-json\/wp\/v2\/media?parent=9302"}],"wp:term":[{"taxonomy":"product_brand","embeddable":true,"href":"https:\/\/www.jenark.dk\/sv\/wp-json\/wp\/v2\/product_brand?post=9302"},{"taxonomy":"product_cat","embeddable":true,"href":"https:\/\/www.jenark.dk\/sv\/wp-json\/wp\/v2\/product_cat?post=9302"},{"taxonomy":"product_tag","embeddable":true,"href":"https:\/\/www.jenark.dk\/sv\/wp-json\/wp\/v2\/product_tag?post=9302"}],"curies":[{"name":"wp","href":"https:\/\/api.w.org\/{rel}","templated":true}]}}