{"id":9314,"date":"2022-09-08T14:08:00","date_gmt":"2022-09-08T14:08:00","guid":{"rendered":"https:\/\/www.jenark.dk\/?post_type=product&#038;p=9314"},"modified":"2022-09-26T08:37:24","modified_gmt":"2022-09-26T08:37:24","slug":"dosatron-d3re2vvfp","status":"publish","type":"product","link":"https:\/\/www.jenark.dk\/sv\/produkt\/dosatron-d3re2vvfp\/","title":{"rendered":"DOSATRON &#8211; D3RE2VVFP"},"content":{"rendered":"<p>DOSATRON D3RE2VVFP \u00e4r en doseringspump f\u00f6r exakt dosering utan el. En doseringspump fr\u00e5n DOSATRON med m\u00e5nga anv\u00e4ndningsm\u00f6jligheter. Denna modell fungerar ocks\u00e5 f\u00f6r dosering av vissa polymerer.<\/p>\n<p>DOSATRON D3RE2 VVF PVDF har standard VF-packningar. AF-packningar kan best\u00e4llas f\u00f6r alkaliska produkter.<\/p>\n<p>Att v\u00e4lja DOSATRON modelltyp beror p\u00e5 vattenfl\u00f6de, dosering och produkt. V\u00e4nligen kontakta v\u00e5r kundtj\u00e4nst f\u00f6r ytterligare fr\u00e5gor.<\/p>\n<p><a href=\"https:\/\/www.jenark.dk\/produkter\/\">Se v\u00e5ra andra doseringspumpar fr\u00e5n DOSATRON h\u00e4r<\/a><\/p>\n<h4><strong>Underh\u00e5llssatser:<\/strong><\/h4>\n<p>Rep-kit f\u00f6r doseringsdel: PJDI116 VF<\/p>\n<p>Backventil \u00d88: PJDI115 VF + slangmunstycke PDI870 f\u00f6r \u00d812<\/p>\n<p>Rep-kit f\u00f6r motordel: EMDI006 VF<\/p>\n","protected":false},"excerpt":{"rendered":"<p>DOSATRON D3RE2VVFP doserar proportionellt med vattentryck och flow.<br \/>\nKonstant och exakt dosering av m\u00e5nga typer av flytande till\u00e4gg.<\/p>\n<ul>\n<li>Dosering: 0.2-2%<\/li>\n<li>Tryck: 0,3-6 bar<\/li>\n<li>Vattenfl\u00f6de: 10 l\/t-3 m\u00b3\/h<\/li>\n<li>VF\/viton f\u00f6rpackningar<\/li>\n<li>V-kit f\u00f6r \u00f6kad viskositet, \u00d812<\/li>\n<li>Syrafast pumphus i PVDF<\/li>\n<\/ul>\n<p><a href=\"https:\/\/www.jenark.dk\/jenark\/\">Kontakta v\u00e5r kundtj\u00e4nst f\u00f6r mer information om modeller, alternativ och typ av f\u00f6rpackning.<\/a><\/p>\n","protected":false},"featured_media":887,"template":"","meta":{"_acf_changed":false,"rs_blank_template":"","rs_page_bg_color":"","slide_template_v7":""},"product_brand":[],"product_cat":[45,43,67,65,75],"product_tag":[101],"class_list":{"0":"post-9314","1":"product","2":"type-product","3":"status-publish","4":"has-post-thumbnail","6":"product_cat-alla-produkter","7":"product_cat-uncategorized-sv","8":"product_cat-industri-sv","9":"product_cat-livsmedelshygien","10":"product_cat-vatten-och-miljo","11":"product_tag-dosering-0-2-2","13":"first","14":"instock","15":"taxable","16":"shipping-taxable","17":"purchasable","18":"product-type-simple"},"acf":[],"_links":{"self":[{"href":"https:\/\/www.jenark.dk\/sv\/wp-json\/wp\/v2\/product\/9314","targetHints":{"allow":["GET"]}}],"collection":[{"href":"https:\/\/www.jenark.dk\/sv\/wp-json\/wp\/v2\/product"}],"about":[{"href":"https:\/\/www.jenark.dk\/sv\/wp-json\/wp\/v2\/types\/product"}],"wp:featuredmedia":[{"embeddable":true,"href":"https:\/\/www.jenark.dk\/sv\/wp-json\/wp\/v2\/media\/887"}],"wp:attachment":[{"href":"https:\/\/www.jenark.dk\/sv\/wp-json\/wp\/v2\/media?parent=9314"}],"wp:term":[{"taxonomy":"product_brand","embeddable":true,"href":"https:\/\/www.jenark.dk\/sv\/wp-json\/wp\/v2\/product_brand?post=9314"},{"taxonomy":"product_cat","embeddable":true,"href":"https:\/\/www.jenark.dk\/sv\/wp-json\/wp\/v2\/product_cat?post=9314"},{"taxonomy":"product_tag","embeddable":true,"href":"https:\/\/www.jenark.dk\/sv\/wp-json\/wp\/v2\/product_tag?post=9314"}],"curies":[{"name":"wp","href":"https:\/\/api.w.org\/{rel}","templated":true}]}}