{"id":9345,"date":"2020-01-08T09:06:51","date_gmt":"2022-09-20T08:07:45","guid":{"rendered":"https:\/\/www.jenark.dk\/vare\/pj119-rep-kit-dosatron\/"},"modified":"2022-09-26T07:28:50","modified_gmt":"2022-09-26T07:28:50","slug":"pj119-rep-kit-dosatron","status":"publish","type":"product","link":"https:\/\/www.jenark.dk\/sv\/produkt\/pj119-rep-kit-dosatron\/","title":{"rendered":"PJ119 Rep-Kit, DOSATRON"},"content":{"rendered":"<p>DOSATRON reperation-kit. Kompatibel for DOSATRON bl.a. D25RE5, \u00d812<\/p>\n<p>B\u00f6r utbytas omkring 1 g\u00e5ng \u00e5rligen, beroende p\u00e5 produktens pH samt hur ofta pumpen anv\u00e4nds.<\/p>\n<p>F\u00f6r att skydda t\u00e4tningarna i pumpen rekommenderas det att om m\u00f6jligt spola igenom pumpen med vatten efter anv\u00e4ndning.<\/p>\n","protected":false},"excerpt":{"rendered":"<p>Inneh\u00e5ller:<\/p>\n<ul>\n<li>4 stk. o-ringar\/packningar f\u00f6r doseringsdelen<\/li>\n<li>Komplett kontraventil, \u00d812<\/li>\n<li>Inneh\u00e5ller bl.a. packning f\u00f6r kolvst\u00e5ng<\/li>\n<\/ul>\n","protected":false},"featured_media":1149,"template":"","meta":{"_acf_changed":false,"rs_blank_template":"","rs_page_bg_color":"","slide_template_v7":""},"product_brand":[],"product_cat":[45,71],"product_tag":[124],"class_list":{"0":"post-9345","1":"product","2":"type-product","3":"status-publish","4":"has-post-thumbnail","6":"product_cat-alla-produkter","7":"product_cat-tillbehor","8":"product_tag-dosering-0-03-0-3-sv","10":"first","11":"instock","12":"taxable","13":"shipping-taxable","14":"purchasable","15":"product-type-variable"},"acf":[],"_links":{"self":[{"href":"https:\/\/www.jenark.dk\/sv\/wp-json\/wp\/v2\/product\/9345","targetHints":{"allow":["GET"]}}],"collection":[{"href":"https:\/\/www.jenark.dk\/sv\/wp-json\/wp\/v2\/product"}],"about":[{"href":"https:\/\/www.jenark.dk\/sv\/wp-json\/wp\/v2\/types\/product"}],"wp:featuredmedia":[{"embeddable":true,"href":"https:\/\/www.jenark.dk\/sv\/wp-json\/wp\/v2\/media\/1149"}],"wp:attachment":[{"href":"https:\/\/www.jenark.dk\/sv\/wp-json\/wp\/v2\/media?parent=9345"}],"wp:term":[{"taxonomy":"product_brand","embeddable":true,"href":"https:\/\/www.jenark.dk\/sv\/wp-json\/wp\/v2\/product_brand?post=9345"},{"taxonomy":"product_cat","embeddable":true,"href":"https:\/\/www.jenark.dk\/sv\/wp-json\/wp\/v2\/product_cat?post=9345"},{"taxonomy":"product_tag","embeddable":true,"href":"https:\/\/www.jenark.dk\/sv\/wp-json\/wp\/v2\/product_tag?post=9345"}],"curies":[{"name":"wp","href":"https:\/\/api.w.org\/{rel}","templated":true}]}}